{"id":482,"date":"2024-06-20T08:37:45","date_gmt":"2024-06-20T06:37:45","guid":{"rendered":"https:\/\/orapeniscola.com\/horaris-i-tarifes\/"},"modified":"2026-04-15T13:26:30","modified_gmt":"2026-04-15T11:26:30","slug":"horaris-i-tarifes","status":"publish","type":"page","link":"https:\/\/orapeniscola.com\/val\/horaris-i-tarifes\/","title":{"rendered":"Horaris i tarifes"},"content":{"rendered":"\n<section class=\"tpk-hero tpk-hero--products                lower\"\n         style=\"\">\n                        <picture >\n\n                    <source srcset=\"https:\/\/orapeniscola.com\/wp-content\/uploads\/sites\/34\/2024\/06\/Barakaldo-Schedule-and-Rates-480x300.webp\" media=\"((min-width: 0rem) and (max-width: 30rem))\">\n                             <source srcset=\"https:\/\/orapeniscola.com\/wp-content\/uploads\/sites\/34\/2024\/06\/Barakaldo-Schedule-and-Rates-1024x300.webp\" media=\"(min-width: 30rem) and (max-width: 64rem)\" >\n                            <source srcset=\"https:\/\/orapeniscola.com\/wp-content\/uploads\/sites\/34\/2024\/06\/Barakaldo-Schedule-and-Rates.webp\" media=\"(min-width: 64rem)\" >\n        \n        \n                                                                                                        \n        <img src=\"https:\/\/orapeniscola.com\/wp-content\/uploads\/sites\/34\/2024\/06\/Barakaldo-Schedule-and-Rates.webp\" alt=\"\"  width=\"1140\" height=\"300\"  loading=\"eager\">\n    <\/picture>\n\n    \n        <div class=\"tpk-hero__content wrapper row\">\n                    <div class=\"col-xs-12 col-sm-12 pr-h pl-h\">\n                                <header class=\"tpk-head  wrapper\">\n        <h1 class=\"tpk-head__title\">Horarios y tarifas<\/h1>    <\/header>\n            \n                    <\/div>\n    <\/div>\n            <div class=\"tpk-hero__cards row wrapper\">\n                                                                                        <div class=\"col-xs-12 col-sm-12 col-md-4 mb-1 pl-h pr-h\">\n                                                                    <\/div>\n                    <\/div>\n    <\/section>\n<div class=\"tpk-spinner__wrapper\">\n    <div class=\"tpk-spinner\"><\/div>\n<\/div>\n\n<article class=\"tpk-page\">\n    <div class=\"row wrapper center-xs tpk-page__content\">\n        <div class=\"col-xs-12 col-sm-10 col-md-8 pt-4 pb-4\">\n            <blockquote>\n<h2>Tarifes<\/h2>\n<\/blockquote>\n<h3>Tarifa regular totes les zones<\/h3>\n<ul>\n<li>Min 15 min &gt;&gt; <strong>0,60\u20ac<\/strong><\/li>\n<li>1h &gt;&gt; <strong>2,00\u20ac<\/strong><\/li>\n<li>2h &gt;&gt; <strong>4,00\u20ac<\/strong><\/li>\n<li>3h &gt;&gt; <strong>4,70\u20ac<\/strong><\/li>\n<li>4h &gt;&gt; <strong>4,90\u20ac<\/strong><\/li>\n<li>5h &gt;&gt; <strong>5,10\u20ac<\/strong><\/li>\n<li>6h &gt;&gt; <strong>5,30\u20ac<\/strong><\/li>\n<li>7h &gt;&gt; <strong>5,50\u20ac<\/strong><\/li>\n<li>8h &gt;&gt; <strong>5,70\u20ac<\/strong><\/li>\n<li>9h &gt;&gt; <strong>5,90\u20ac<\/strong><\/li>\n<li>10h &gt;&gt; <strong>6,10\u20ac<\/strong><\/li>\n<li>11h &gt;&gt; <strong>6,30\u20ac<\/strong><\/li>\n<li>12h &gt;&gt; <strong>6,50\u20ac<\/strong><\/li>\n<\/ul>\n<p>Descompte del 50% per a vehicles ECO i 0 emissions amb distintiu mediambiental<\/p>\n<p>Per a m\u00e9s informaci\u00f3 sobre la tarifa regular, podeu consultar la implementaci\u00f3 autom\u00e0tica dels beneficis tarifaris segons la base oficial de la DGT <a href=\"http:\/\/orapeniscola.com\/wp-content\/uploads\/sites\/34\/2025\/06\/Texto_definitivo_DGT_para_la_web_valenciano.pdf\">aqu\u00ed<\/a>.<\/p>\n<h3>Tarifa abonament<\/h3>\n<p>Compra d'abonaments nom\u00e9s amb Telpark, en parqu\u00edmetres espec\u00edfics o en oficina d'atenci\u00f3. No v\u00e0lids per a les zones verdes.<\/p>\n<p>Els abonaments nom\u00e9s s\u00f3n v\u00e0lids per a la zona on s'adquirixen, en cas de canviar de zona haur\u00e0 d'adquirir un abonament addicional per a l'altra zona o pagar l'estacionament de rotaci\u00f3<\/p>\n<p>Tinga en compte que la zona pot tindre restriccions addicionals (mercat ambulant, ecoparc m\u00f2bil, limitacions temporals) i que els abonaments s\u00f3n un producte prepagament sense possibilitat de devoluci\u00f3, consulte la senyalitzaci\u00f3 o al nostre personal.<\/p>\n<p><strong>Turismes<\/strong><\/p>\n<ul>\n<li>7 dies <strong>35\u20ac<\/strong><\/li>\n<li>15 dies <strong>65 \u20ac<\/strong><\/li>\n<li>30 dies <strong>115 \u20ac<\/strong><\/li>\n<\/ul>\n<p><strong>Autobusos o industrial<\/strong><\/p>\n<p>Abonaments per a vehicles industrials nom\u00e9s disponibles en oficina, aportant la documentaci\u00f3 justificativa necess\u00e0ria (rebut IAE, rebut impost de circulaci\u00f3, factura empresa Pen\u00edscola, fotos del vehicle serigrafiat). Per a saber m\u00e9s, pots consultar-ho a <a href=\"https:\/\/va.peniscola.org\/ver\/16227\/ZONA-ORA-2025---Tarifes-i-abonaments.html\">la web de l'ajuntament<\/a>.<\/p>\n<ul>\n<li>30 dies <strong>20 \u20ac<\/strong><\/li>\n<\/ul>\n<blockquote>\n<h2>Horaris<\/h2>\n<\/blockquote>\n<ul>\n<li><strong>Zones taronja:<\/strong> Zones d'estacionament limitat per a tot l'any.<\/li>\n<li><strong>Zones verdes:<\/strong> Zones d'estacionament limitat a 2 hores. Depenent de les zones, les dates d'inici s\u00f3n l'1 de maig o l'1 de juny, i en Setmana Santa<\/li>\n<li><strong>Zones blaves:<\/strong> Zones d'estacionament limitat per a alguns mesos de l'any. Depenent de les zones, les dates d'inici s\u00f3n l'1 de maig o l'1 de juny.\u00a0<\/li>\n<\/ul>\n<h3>Horari zona blava<\/h3>\n<h4>Zones blaves amb inici el mes de maig<\/h4>\n<ul>\n<li><strong>ZONA BLAVA C. MOL\u00cd<\/strong>\n<ul>\n<li>Tots els dies de la setmana<\/li>\n<li>Setmana Santa i de l'1 de maig al 31 d'octubre<\/li>\n<li>De 10.00h a 18.00h<\/li>\n<\/ul>\n<\/li>\n<li><strong>ZONA BLAVA CENTRE<\/strong>\n<ul>\n<li>Tots els dies de la setmana<\/li>\n<li>Pl. de la Llotja, C. Laureano Gil, C. Marcel\u00b7l\u00ed Roca, C. Llevant, Pl. Saragossa, Av. d'Akra Leuke, C. de l'Ullal de l'Estany, C. Pescadors, C. Riu, Pl. Constituci\u00f3, p\u00e0rquing Llauradors, C. del Rei Llop, C. de l'Hort, C. d'Irta, Ctra. de l'Estaci\u00f3, C. del Mestre Bayarri i p\u00e0rquing Llandells (enfront Palau de Congressos) Av. Pigmalion (tram adjacient al p\u00e0rquing de Mestre Bayarri)<\/li>\n<li>De l'1 al 31 de maig i del 21 de setembre al 31 d'octubre\n<ul>\n<li>De 10.00h a 14.00h i de 17.00h a 21.00h<\/li>\n<\/ul>\n<\/li>\n<li>Setmana Santa i de l'1 de juny al 20 de setembre\n<ul>\n<li>De 10.00h a 22.00h<\/li>\n<\/ul>\n<\/li>\n<\/ul>\n<\/li>\n<\/ul>\n<h4>Zones blaves amb inici el mes de juny<\/h4>\n<ul>\n<li><strong>ZONA BLAVA PLA\u00c7A DE BOUS<\/strong>\n<ul>\n<li>Tots els dies de la setmana<\/li>\n<li>De l'1 de juny al 31 d'agost<\/li>\n<li>De 10.00h a 18.00h<\/li>\n<\/ul>\n<\/li>\n<li><strong>ZONA BLAVA ESTIU (PAPA LUNA, PE\u00d1ISMAR I LLANDELLS)<\/strong>\n<ul>\n<li>Av. del Papa Luna fins a l'hotel Felipe II, C. de Conca, C. de Barcelona, Av. de Navarra, Av. de Val\u00e8ncia, Av. de Catalunya, C. d'Osca, C. d'Antonio Pascual, C. del Mestre Roca, C. Vilanova d'Aviny\u00f3, Ctra. de l'Estaci\u00f3, C. de Garb\u00ed, C. del Maestrat, C. de Llandells (zona blava), Av. de Pigmali\u00f3n, C. dels Llauradors, Pl. de Sant Isidre, C. de Sant Antoni, C. de Blasco Ib\u00e1\u00f1ez, C. de M\u00farcia, C. de Madrid, C. de la Mercera, C. de les Marjals, C. del Puntarr\u00f3, C. de Marret, C. de Gregal, C. de Xaloc, C. de Migjorn, C. de Cer\u00e7, C. de Ponent, C. de Mestral i C. de Llebeig<\/li>\n<li>Tots els dies de la setmana<\/li>\n<li>De l'1 de juny al 31 d'agost\n<ul>\n<li>De 10.00h a 22.00h<\/li>\n<\/ul>\n<\/li>\n<li>De l'1 al 30 de setembre\n<ul>\n<li>De 10.00h a 14.00h i de 17.00h a 21.00h<\/li>\n<\/ul>\n<\/li>\n<\/ul>\n<\/li>\n<\/ul>\n<h3>Horari zona verda<\/h3>\n<ul>\n<li><strong>ZONA VERDA AV. DE LA MAR<\/strong>\n<ul>\n<li>Tots els dies de la setmana<\/li>\n<li>Setmana Santa i de l'1 de maig al 31 d'octubre\n<ul>\n<li>De 10.00h a 18.00h<\/li>\n<\/ul>\n<\/li>\n<\/ul>\n<\/li>\n<li><strong>ZONA VERDA LLANDELLS (SAC)<\/strong>\n<ul>\n<li>Tots els dies de la setmana\n<ul>\n<li>Setmana Santa i de l'1 de juny al 31 d'agost<\/li>\n<\/ul>\n<\/li>\n<li>De 10.00h a 22.00h\n<ul>\n<li>De l'1 al 30 de setembre<\/li>\n<\/ul>\n<\/li>\n<li>De 10.00h a 14.00h i de 17.00h a 21.00h<\/li>\n<\/ul>\n<\/li>\n<\/ul>\n<h3>Horari zona taronja<\/h3>\n<p>Zones d'estacionament limitat per a tot l'any<\/p>\n<ul>\n<li><strong>ZONA TARONJA CENTRE D'ESTUDIS<\/strong>\n<ul>\n<li>Mesos d\u00b4gener, febrer i mar\u00e7, abril, maig, octubre, novembre i desembre:\n<ul>\n<li>De 10.00h a 14.00h i de 17.00h a 21.00h<\/li>\n<\/ul>\n<\/li>\n<li>Setmana Santa i mesos de juny, juliol, agost i setembre\n<ul>\n<li>De 10.00h a 22.00h<\/li>\n<\/ul>\n<\/li>\n<\/ul>\n<\/li>\n<\/ul>\n<p>Aquesta zona haur\u00e0 d'estar lliure de vehicles els dilluns no festius, de 6.00h a 17.00h per la instal\u00b7laci\u00f3 del Mercat<\/p>\n<ul>\n<li><strong>ZONA TARONJA ESPLANADA DEL PORT<\/strong>\n<ul>\n<li>Mesos d\u00b4gener, febrer i mar, abril, maig, del 21 al 30 de setembre, octubre, novembre i desembre:\n<ul>\n<li>De 10.00h a 14.00h i de 17.00h a 21.00h<\/li>\n<\/ul>\n<\/li>\n<li>Setmana Santa i de mesos de juny, juliol i agost:\n<ul>\n<li>De 10.00h a 22.00h<\/li>\n<\/ul>\n<\/li>\n<\/ul>\n<\/li>\n<\/ul>\n<p data-start=\"812\" data-end=\"1005\">El per\u00edode de Setmana Santa \u00e9s un per\u00edode de 17 dies que va des del dissabte anterior al Diumenge de Rams fins al dia de Sant Vicent, ambd\u00f3s inclosos.<br data-start=\"962\" data-end=\"965\" \/>Les dates previstes per a enguany s\u00f3n:<\/p>\n<ul>\n<li data-start=\"1007\" data-end=\"1037\">Del 28\/03\/2026 al 13\/04\/2026<\/li>\n<\/ul>\n<blockquote>\n<h2>Anul\u00b7laci\u00f3 de Den\u00fancia<\/h2>\n<\/blockquote>\n<ul>\n<li>Cost m\u00e0xim 6,50\u20ac.<\/li>\n<\/ul>\n\n        <\/div>\n    <\/div>\n<\/article>\n\n\n<section\n        class=\"tpk-banner-cta tpk-banner-cta--background   \"\n        style=\" --bg-picture: url('https:\/\/orapeniscola.com\/wp-content\/uploads\/sites\/34\/2024\/06\/banner.webp'); \">\n    <div class=\"tpk-banner-cta__content row wrapper middle-xs \">\n                                <div class=\"col-xs-12 col-md-6 tpk-banner-cta__content__text  \">\n                                                <header class=\"tpk-head  wrapper\">\n    <p class=\"tpk-head__caption\">Consulta les zones d'estacionament regulat<\/p>    <h2 class=\"tpk-head__title\">Pla General Pen\u00edscola<\/h2>    <\/header>                                    <div class=\"tpk-banner-cta__buttons\">\n                                                                                <a  class=\"tpk-button tpk-button--primary tpk-button--lg \" href=\"https:\/\/orapeniscola.com\/val\/planos\/\"    target=\"_blank\" >\n    <span>Ver <\/span>\n    <\/a>                                            <\/div>\n                            <\/div>\n        <\/div>\n<\/section>\n\n<article class=\"tpk-page\">\n    <div class=\"row wrapper center-xs tpk-page__content\">\n        <div class=\"col-xs-12 col-sm-10 col-md-8 pt-4 pb-4\">\n            <h2>Formes de Pagament<\/h2>\n<blockquote><p>Pot abonar la taxa d'aparcament: en met\u00e0l\u00b7lic amb monedes, mitjan\u00e7ant Tel\u00e8fon intel\u00b7ligent amb la nostra aplicaci\u00f3 *telpark (www.telpark.com), amb targeta de prepagament en tots els parqu\u00edmetres i amb targetes banc\u00e0ries (*EMV) en alguns parqu\u00edmetres.<\/p><\/blockquote>\n\n        <\/div>\n    <\/div>\n<\/article>\n\n<article class=\"tpk-page\">\n    <div class=\"row wrapper center-xs tpk-page__content\">\n        <div class=\"col-xs-12 col-sm-10 col-md-8 pt-4 pb-4\">\n            <h2>Preguntes Freq\u00fcents<\/h2>\n<blockquote>\n<p>Si t\u00e9 qualsevol dubte no dubte a consultar la nostra F.A.Q. (Preguntes Freq\u00fcents) on trobar\u00e0 les q\u00fcestions realitzades per la majoria dels usuaris.<\/p>\n<p><a href=\"https:\/\/orapeniscola.com\/val\/faqs\/\">VEURE PREGUNTES FREQ\u00dcENTS<\/a><\/p>\n<\/blockquote>\n\n        <\/div>\n    <\/div>\n<\/article>\n\n\n<section class=\"tpk-banner-app \">\n    <div class=\"row wrapper middle-xs\">\n        <div class=\"col-xs-12 col-sm-6 col-no-gutter tpk-banner-app__picture\">\n                                                <picture class=\"hide-xs show-sm\">\n\n                             <source srcset=\"https:\/\/orapeniscola.com\/wp-content\/uploads\/sites\/34\/2024\/06\/Web_bloqueORA_Mesa-de-trabajo-1-488x534.webp\" media=\"(min-width: 30rem) and (max-width: 64rem)\" >\n                            <source srcset=\"https:\/\/orapeniscola.com\/wp-content\/uploads\/sites\/34\/2024\/06\/Web_bloqueORA_Mesa-de-trabajo-1.webp\" media=\"(min-width: 64rem)\" >\n        \n        \n                                                                                                        \n        <img src=\"https:\/\/orapeniscola.com\/wp-content\/uploads\/sites\/34\/2024\/06\/Web_bloqueORA_Mesa-de-trabajo-1.webp\" alt=\"\"  width=\"600\" height=\"600\"  loading=\"lazy\" >\n    <\/picture>\n\n                                <\/div>\n        <div class=\"col-xs-12 col-sm-6 tpk-banner-app__content\">\n                        <header class=\"tpk-head  wrapper\">\n    <p class=\"tpk-head__caption\">Aparca i seguix<\/p>    <h2 class=\"tpk-head__title\">Escaneja el codi amb el teu m\u00f2bil per a descarregar l'app<\/h2>    <\/header>\n                        <div class=\"tpk-banner-app__buttons\">\n                                                                                                                    \n    <a href=\"https:\/\/play.google.com\/store\/apps\/details?id=com.delaware.empark\" class=\"tpk-button tpk-button--app dark\" target=\"_blank\">\n        <svg width=\"23\" height=\"26\" viewBox=\"0 0 23 26\" fill=\"none\" xmlns=\"http:\/\/www.w3.org\/2000\/svg\">\n            <path fill-rule=\"evenodd\" clip-rule=\"evenodd\" d=\"M0.862422 0.87988C0.581172 1.18175 0.419922 1.64675 0.419922 2.25113V23.7411C0.419922 24.3455 0.581172 24.8105 0.873047 25.1018L0.949297 25.1661L12.9905 13.1249V12.8543L0.938672 0.815505L0.862422 0.87988Z\" fill=\"url(#paint0_linear_9_9)\"\/>\n            <path fill-rule=\"evenodd\" clip-rule=\"evenodd\" d=\"M16.9962 17.1543L12.98 13.1368V12.8556L16.9975 8.83807L17.0843 8.89182L21.8362 11.5924C23.1968 12.3593 23.1968 13.6231 21.8362 14.4006L17.0843 17.1012L16.9962 17.1543Z\" fill=\"url(#paint1_linear_9_9)\"\/>\n            <path fill-rule=\"evenodd\" clip-rule=\"evenodd\" d=\"M17.083 17.1005L12.9799 12.9961L0.862371 25.1136C1.30487 25.5892 2.04987 25.643 2.88237 25.178L17.083 17.1005Z\" fill=\"url(#paint2_linear_9_9)\"\/>\n            <path fill-rule=\"evenodd\" clip-rule=\"evenodd\" d=\"M17.083 8.89304L2.88237 0.82616C2.05112 0.350535 1.30487 0.41491 0.862371 0.890535L12.9786 12.9962L17.083 8.89304Z\" fill=\"url(#paint3_linear_9_9)\"\/>\n            <defs>\n            <linearGradient id=\"paint0_linear_9_9\" x1=\"35.6607\" y1=\"-6.74995\" x2=\"-5.23028\" y2=\"12.2052\" gradientUnits=\"userSpaceOnUse\">\n            <stop stop-color=\"#047ED6\"\/>\n            <stop offset=\"1\" stop-color=\"#50E6FF\"\/>\n            <\/linearGradient>\n            <linearGradient id=\"paint1_linear_9_9\" x1=\"24.5643\" y1=\"12.9971\" x2=\"-6.03917\" y2=\"12.9971\" gradientUnits=\"userSpaceOnUse\">\n            <stop stop-color=\"#FFDA1C\"\/>\n            <stop offset=\"1\" stop-color=\"#FEB705\"\/>\n            <\/linearGradient>\n            <linearGradient id=\"paint2_linear_9_9\" x1=\"19.7657\" y1=\"4.95934\" x2=\"-15.0772\" y2=\"45.5368\" gradientUnits=\"userSpaceOnUse\">\n            <stop stop-color=\"#D9414F\"\/>\n            <stop offset=\"1\" stop-color=\"#8C193F\"\/>\n            <\/linearGradient>\n            <linearGradient id=\"paint3_linear_9_9\" x1=\"-2.18997\" y1=\"-6.27096\" x2=\"4.71665\" y2=\"5.36978\" gradientUnits=\"userSpaceOnUse\">\n            <stop stop-color=\"#33C481\"\/>\n            <stop offset=\"1\" stop-color=\"#61E3A7\"\/>\n            <\/linearGradient>\n            <\/defs>\n            <\/svg>\n        <div>\n            <span>Disponible en<\/span>\n            Google Play\n        <\/div>\n    <\/a>\n                                                                                                                                                                                <a href=\"https:\/\/apps.apple.com\/es\/app\/telpark\/id658204860\" class=\"tpk-button tpk-button--app dark\" target=\"_blank\">\n        <svg width=\"25\" height=\"30\" viewBox=\"0 0 25 30\" fill=\"none\" xmlns=\"http:\/\/www.w3.org\/2000\/svg\">\n            <path d=\"M23.643 10.227C23.469 10.362 20.397 12.093 20.397 15.942C20.397 20.394 24.306 21.969 24.423 22.008C24.405 22.104 23.802 24.165 22.362 26.265C21.078 28.113 19.737 29.958 17.697 29.958C15.657 29.958 15.132 28.773 12.777 28.773C10.482 28.773 9.666 29.997 7.8 29.997C5.934 29.997 4.632 28.287 3.135 26.187C1.401 23.721 0 19.89 0 16.254C0 10.422 3.792 7.329 7.524 7.329C9.507 7.329 11.16 8.631 12.405 8.631C13.59 8.631 15.438 7.251 17.694 7.251C18.549 7.251 21.621 7.329 23.643 10.227V10.227ZM16.623 4.782C17.556 3.675 18.216 2.139 18.216 0.603C18.216 0.39 18.198 0.174 18.159 0C16.641 0.057 14.835 1.011 13.746 2.274C12.891 3.246 12.093 4.782 12.093 6.339C12.093 6.573 12.132 6.807 12.15 6.882C12.246 6.9 12.402 6.921 12.558 6.921C13.92 6.921 15.633 6.009 16.623 4.782Z\" fill=\"white\"\/>\n        <\/svg>\n        <div>\n            <span>Disponible en<\/span>\n            Apple Store\n        <\/div>\n    <\/a>\n\n                                                                        <\/div>\n        <\/div>\n    <\/div>\n<\/section>\n","protected":false},"excerpt":{"rendered":"","protected":false},"author":3,"featured_media":0,"parent":0,"menu_order":0,"comment_status":"closed","ping_status":"closed","template":"","meta":[],"yoast_head":"<!-- This site is optimized with the Yoast SEO plugin v20.12 - https:\/\/yoast.com\/wordpress\/plugins\/seo\/ -->\n<title>Horaris i tarifes - ORA Pe\u00f1iscola<\/title>\n<meta name=\"robots\" content=\"index, follow, max-snippet:-1, max-image-preview:large, max-video-preview:-1\" \/>\n<link rel=\"canonical\" href=\"https:\/\/orapeniscola.com\/val\/horaris-i-tarifes\/\" \/>\n<meta property=\"og:locale\" content=\"en_US\" \/>\n<meta property=\"og:type\" content=\"article\" \/>\n<meta property=\"og:title\" content=\"Horaris i tarifes - ORA Pe\u00f1iscola\" \/>\n<meta property=\"og:url\" content=\"https:\/\/orapeniscola.com\/val\/horaris-i-tarifes\/\" \/>\n<meta property=\"og:site_name\" content=\"ORA Pe\u00f1iscola\" \/>\n<meta property=\"article:modified_time\" content=\"2026-04-15T11:26:30+00:00\" \/>\n<meta name=\"twitter:card\" content=\"summary_large_image\" \/>\n<script type=\"application\/ld+json\" class=\"yoast-schema-graph\">{\"@context\":\"https:\/\/schema.org\",\"@graph\":[{\"@type\":\"WebPage\",\"@id\":\"https:\/\/orapeniscola.com\/val\/horaris-i-tarifes\/\",\"url\":\"https:\/\/orapeniscola.com\/val\/horaris-i-tarifes\/\",\"name\":\"Horaris i tarifes - ORA Pe\u00f1iscola\",\"isPartOf\":{\"@id\":\"https:\/\/orapeniscola.com\/val\/#website\"},\"datePublished\":\"2024-06-20T06:37:45+00:00\",\"dateModified\":\"2026-04-15T11:26:30+00:00\",\"breadcrumb\":{\"@id\":\"https:\/\/orapeniscola.com\/val\/horaris-i-tarifes\/#breadcrumb\"},\"inLanguage\":\"ca-VAL\",\"potentialAction\":[{\"@type\":\"ReadAction\",\"target\":[\"https:\/\/orapeniscola.com\/val\/horaris-i-tarifes\/\"]}]},{\"@type\":\"BreadcrumbList\",\"@id\":\"https:\/\/orapeniscola.com\/val\/horaris-i-tarifes\/#breadcrumb\",\"itemListElement\":[{\"@type\":\"ListItem\",\"position\":1,\"name\":\"Home\",\"item\":\"https:\/\/orapeniscola.com\/val\/\"},{\"@type\":\"ListItem\",\"position\":2,\"name\":\"Horaris i tarifes\"}]},{\"@type\":\"WebSite\",\"@id\":\"https:\/\/orapeniscola.com\/val\/#website\",\"url\":\"https:\/\/orapeniscola.com\/val\/\",\"name\":\"ORA Pe\u00f1iscola\",\"description\":\"\",\"publisher\":{\"@id\":\"https:\/\/orapeniscola.com\/val\/#organization\"},\"potentialAction\":[{\"@type\":\"SearchAction\",\"target\":{\"@type\":\"EntryPoint\",\"urlTemplate\":\"https:\/\/orapeniscola.com\/val\/?s={search_term_string}\"},\"query-input\":\"required name=search_term_string\"}],\"inLanguage\":\"ca-VAL\"},{\"@type\":\"Organization\",\"@id\":\"https:\/\/orapeniscola.com\/val\/#organization\",\"name\":\"ORA Pe\u00f1iscola\",\"url\":\"https:\/\/orapeniscola.com\/val\/\",\"logo\":{\"@type\":\"ImageObject\",\"inLanguage\":\"ca-VAL\",\"@id\":\"https:\/\/orapeniscola.com\/val\/#\/schema\/logo\/image\/\",\"url\":\"https:\/\/orapeniscola.com\/wp-content\/uploads\/sites\/34\/2024\/06\/cropped-pen\u0303iscola-1-1.png\",\"contentUrl\":\"https:\/\/orapeniscola.com\/wp-content\/uploads\/sites\/34\/2024\/06\/cropped-pen\u0303iscola-1-1.png\",\"width\":110,\"height\":60,\"caption\":\"ORA Pe\u00f1iscola\"},\"image\":{\"@id\":\"https:\/\/orapeniscola.com\/val\/#\/schema\/logo\/image\/\"}}]}<\/script>\n<!-- \/ Yoast SEO plugin. -->","yoast_head_json":{"title":"Horaris i tarifes - ORA Pe\u00f1iscola","robots":{"index":"index","follow":"follow","max-snippet":"max-snippet:-1","max-image-preview":"max-image-preview:large","max-video-preview":"max-video-preview:-1"},"canonical":"https:\/\/orapeniscola.com\/val\/horaris-i-tarifes\/","og_locale":"en_US","og_type":"article","og_title":"Horaris i tarifes - ORA Pe\u00f1iscola","og_url":"https:\/\/orapeniscola.com\/val\/horaris-i-tarifes\/","og_site_name":"ORA Pe\u00f1iscola","article_modified_time":"2026-04-15T11:26:30+00:00","twitter_card":"summary_large_image","schema":{"@context":"https:\/\/schema.org","@graph":[{"@type":"WebPage","@id":"https:\/\/orapeniscola.com\/val\/horaris-i-tarifes\/","url":"https:\/\/orapeniscola.com\/val\/horaris-i-tarifes\/","name":"Horaris i tarifes - ORA Pe\u00f1iscola","isPartOf":{"@id":"https:\/\/orapeniscola.com\/val\/#website"},"datePublished":"2024-06-20T06:37:45+00:00","dateModified":"2026-04-15T11:26:30+00:00","breadcrumb":{"@id":"https:\/\/orapeniscola.com\/val\/horaris-i-tarifes\/#breadcrumb"},"inLanguage":"ca-VAL","potentialAction":[{"@type":"ReadAction","target":["https:\/\/orapeniscola.com\/val\/horaris-i-tarifes\/"]}]},{"@type":"BreadcrumbList","@id":"https:\/\/orapeniscola.com\/val\/horaris-i-tarifes\/#breadcrumb","itemListElement":[{"@type":"ListItem","position":1,"name":"Home","item":"https:\/\/orapeniscola.com\/val\/"},{"@type":"ListItem","position":2,"name":"Horaris i tarifes"}]},{"@type":"WebSite","@id":"https:\/\/orapeniscola.com\/val\/#website","url":"https:\/\/orapeniscola.com\/val\/","name":"ORA Pe\u00f1iscola","description":"","publisher":{"@id":"https:\/\/orapeniscola.com\/val\/#organization"},"potentialAction":[{"@type":"SearchAction","target":{"@type":"EntryPoint","urlTemplate":"https:\/\/orapeniscola.com\/val\/?s={search_term_string}"},"query-input":"required name=search_term_string"}],"inLanguage":"ca-VAL"},{"@type":"Organization","@id":"https:\/\/orapeniscola.com\/val\/#organization","name":"ORA Pe\u00f1iscola","url":"https:\/\/orapeniscola.com\/val\/","logo":{"@type":"ImageObject","inLanguage":"ca-VAL","@id":"https:\/\/orapeniscola.com\/val\/#\/schema\/logo\/image\/","url":"https:\/\/orapeniscola.com\/wp-content\/uploads\/sites\/34\/2024\/06\/cropped-pen\u0303iscola-1-1.png","contentUrl":"https:\/\/orapeniscola.com\/wp-content\/uploads\/sites\/34\/2024\/06\/cropped-pen\u0303iscola-1-1.png","width":110,"height":60,"caption":"ORA Pe\u00f1iscola"},"image":{"@id":"https:\/\/orapeniscola.com\/val\/#\/schema\/logo\/image\/"}}]}},"meta_box":[],"_links":{"self":[{"href":"https:\/\/orapeniscola.com\/val\/wp-json\/wp\/v2\/pages\/482"}],"collection":[{"href":"https:\/\/orapeniscola.com\/val\/wp-json\/wp\/v2\/pages"}],"about":[{"href":"https:\/\/orapeniscola.com\/val\/wp-json\/wp\/v2\/types\/page"}],"author":[{"embeddable":true,"href":"https:\/\/orapeniscola.com\/val\/wp-json\/wp\/v2\/users\/3"}],"replies":[{"embeddable":true,"href":"https:\/\/orapeniscola.com\/val\/wp-json\/wp\/v2\/comments?post=482"}],"version-history":[{"count":4,"href":"https:\/\/orapeniscola.com\/val\/wp-json\/wp\/v2\/pages\/482\/revisions"}],"predecessor-version":[{"id":987,"href":"https:\/\/orapeniscola.com\/val\/wp-json\/wp\/v2\/pages\/482\/revisions\/987"}],"wp:attachment":[{"href":"https:\/\/orapeniscola.com\/val\/wp-json\/wp\/v2\/media?parent=482"}],"curies":[{"name":"wp","href":"https:\/\/api.w.org\/{rel}","templated":true}]}}