{"id":448,"date":"2024-06-20T08:48:05","date_gmt":"2024-06-20T06:48:05","guid":{"rendered":"https:\/\/orapeniscola.com\/inici\/"},"modified":"2024-06-28T13:55:47","modified_gmt":"2024-06-28T11:55:47","slug":"inici","status":"publish","type":"page","link":"https:\/\/orapeniscola.com\/val\/","title":{"rendered":"Inici"},"content":{"rendered":"\n<section class=\"tpk-hero tpk-hero--products                lower\"\n         style=\"\">\n                        <picture >\n\n                    <source srcset=\"https:\/\/orapeniscola.com\/wp-content\/uploads\/sites\/34\/2024\/06\/vista-aerea-peniscola-480x640.jpg\" media=\"((min-width: 0rem) and (max-width: 30rem))\">\n                             <source srcset=\"https:\/\/orapeniscola.com\/wp-content\/uploads\/sites\/34\/2024\/06\/vista-aerea-peniscola-1024x500.jpg\" media=\"(min-width: 30rem) and (max-width: 64rem)\" >\n                            <source srcset=\"https:\/\/orapeniscola.com\/wp-content\/uploads\/sites\/34\/2024\/06\/vista-aerea-peniscola-1400x640.jpg\" media=\"(min-width: 64rem)\" >\n        \n        \n                                                                                                        \n        <img src=\"https:\/\/orapeniscola.com\/wp-content\/uploads\/sites\/34\/2024\/06\/vista-aerea-peniscola-1400x640.jpg\" alt=\"\"  width=\"1400\" height=\"640\"  loading=\"eager\">\n    <\/picture>\n\n    \n        <div class=\"tpk-hero__content wrapper row\">\n                    <div class=\"col-xs-12 col-sm-12 pr-h pl-h\">\n                                <header class=\"tpk-head  wrapper\">\n    <p class=\"tpk-head__caption\">ORA<\/p>    <h1 class=\"tpk-head__title\">No dones m\u00e9s tornades per a deixar el teu cotxe a Pen\u00edscola<\/h1>    <p>L'Estacionament Regulat en via p\u00fablica de Pen\u00edscola, \u00e9s una soluci\u00f3 de mobilitat urbana, la fi de la qual \u00e9s facilitar una millor circulaci\u00f3 dels vehicles i compartir les places d'aparcament disponibles, entre el major nombre de ve\u00efns i visitants possibles.<\/p>\n<\/header>\n            \n                    <\/div>\n    <\/div>\n            <div class=\"tpk-hero__cards row wrapper\">\n                                                                                        <div class=\"col-xs-12 col-sm-12 col-md-4 mb-1 pl-h pr-h\">\n                                                                    <\/div>\n                    <\/div>\n    <\/section>\n<div class=\"tpk-spinner__wrapper\">\n    <div class=\"tpk-spinner\"><\/div>\n<\/div>\n\n<section class=\"tpk-benefits \" >\n    <div class=\"wrapper row center-xs\">\n        <div class=\"col-xs-12 col-sm-10 col-md-8\">\n                <header class=\"tpk-head  wrapper\">\n        <h2 class=\"tpk-head__title\">Contacta'ns<\/h2>    <\/header>        <\/div>\n    <\/div>\n    <div class=\"tpk-benefits__list row wrapper\">\n                    <div class=\"col-xs-12 col-sm-6 col-md-3\">\n                                <div class=\"tpk-benefit\">\n    <div class=\"tpk-benefit__icon\">\n        <span class=\"icon icon-mail icon--lg\">\n        <\/span>\n    <\/div>\n\n    <div class=\"tpk-benefit__content\">\n        <h3 class=\"tpk-benefit__title\">Correu electr\u00f2nic<\/h3>\n        <p>orapeniscola@telpark.com<\/p>\n\n    <\/div>\n<\/div>            <\/div>\n                    <div class=\"col-xs-12 col-sm-6 col-md-3\">\n                                <div class=\"tpk-benefit\">\n    <div class=\"tpk-benefit__icon\">\n        <span class=\"icon icon-phone icon--lg\">\n        <\/span>\n    <\/div>\n\n    <div class=\"tpk-benefit__content\">\n        <h3 class=\"tpk-benefit__title\">Tel\u00e8fon<\/h3>\n        <p>+34 620 752 362<\/p>\n\n    <\/div>\n<\/div>            <\/div>\n                    <div class=\"col-xs-12 col-sm-6 col-md-3\">\n                                <div class=\"tpk-benefit\">\n    <div class=\"tpk-benefit__icon\">\n        <span class=\"icon icon-info icon--lg\">\n        <\/span>\n    <\/div>\n\n    <div class=\"tpk-benefit__content\">\n        <h3 class=\"tpk-benefit__title\">Oficina d'Atenci\u00f3 a l'Usuari<\/h3>\n        <p>Oficina en Avda de la Mar, s\/n<\/p>\n\n    <\/div>\n<\/div>            <\/div>\n            <\/div>\n<\/section>\n\n<article class=\"tpk-page\">\n    <div class=\"row wrapper center-xs tpk-page__content\">\n        <div class=\"col-xs-12 col-sm-10 col-md-8 pt-4 pb-4\">\n            <h2>Estacionament regulat a Pen\u00edscola (ORA)<\/h2>\n<blockquote>\n<p>El servici d'estacionament regulat en la via p\u00fablica de Pen\u00edscola, forma part fonamental dels servicis municipals que ajuden a millorar la mobilitat de la ciutat.<\/p>\n<p>D'esta manera es pret\u00e9n donar soluci\u00f3 a la necessitat dels comer\u00e7os de disposar de zones lliures per als seus clients. A m\u00e9s, es racionalitza l'estacionament, en llocs on hi ha molta demanda i evita els embossos, acurtant el temps d'espera per a trobar aparcament i ajuda a disminuir la contaminaci\u00f3.<\/p>\n<\/blockquote>\n<h2>Renovaci\u00f3 residents 2024<\/h2>\n<p><strong>El per\u00edode de renovaci\u00f3 per a l'any 2024 dels residents de la zona blava de Pen\u00edscola comen\u00e7ar\u00e0 el 21 de novembre de 2023 fins al 31 de gener de 2024.<\/strong><\/p>\n<blockquote>\n<p>Es realitzar\u00e0 en la nostra oficina mitjan\u00e7ant cita pr\u00e8via, per WhatsApp al 690956722 o per correu electr\u00f2nic a residents....<\/p>\n<p>El termini per a manar tota la documentaci\u00f3 de manera telem\u00e0tica \u00e9s fins al 21 de gener de 2024. Si en eixa data no han manat tota la documentaci\u00f3 requerida, es realitzar\u00e0 mitjan\u00e7ant la sol\u00b7licitud de cita pr\u00e8via en horari de 10h a 14h i 16h a 19h, per a poder renovar en termini (31 de gener 2024).<\/p>\n<\/blockquote>\n\n        <\/div>\n    <\/div>\n<\/article>\n\n\n<section\n        class=\"tpk-banner-cta tpk-banner-cta--background   \"\n        style=\"\">\n    <div class=\"tpk-banner-cta__content row wrapper middle-xs \">\n                <div class=\"col-xs-12 col-sm-6 tpk-banner-cta__content__picture\">\n                                                        <picture >\n\n                    <source srcset=\"https:\/\/orapeniscola.com\/wp-content\/uploads\/sites\/34\/2024\/06\/Horarios-y-tarifas-375x500.jpg\" media=\"((min-width: 0rem) and (max-width: 30rem))\">\n                             <source srcset=\"https:\/\/orapeniscola.com\/wp-content\/uploads\/sites\/34\/2024\/06\/Horarios-y-tarifas-520x520.jpg\" media=\"(min-width: 30rem) and (max-width: 64rem)\" >\n                            <source srcset=\"https:\/\/orapeniscola.com\/wp-content\/uploads\/sites\/34\/2024\/06\/Horarios-y-tarifas.jpg\" media=\"(min-width: 64rem)\" >\n        \n        \n                                                                                                        \n        <img src=\"https:\/\/orapeniscola.com\/wp-content\/uploads\/sites\/34\/2024\/06\/Horarios-y-tarifas.jpg\" alt=\"\"  width=\"623\" height=\"800\"  loading=\"lazy\" >\n    <\/picture>\n\n        <\/div>\n        <div class=\"col-xs-12 col-sm-6 tpk-banner-cta__content__text  align-left \">\n                                                        <header class=\"tpk-head  wrapper\">\n    <p class=\"tpk-head__caption\">Consulta<\/p>    <h2 class=\"tpk-head__title\">Horaris i tarifes<\/h2>    <\/header>                                    <div class=\"tpk-banner-cta__buttons\">\n                                                                                <a  class=\"tpk-button tpk-button--primary tpk-button--lg \" href=\"https:\/\/orapeniscola.com\/horarios-y-tarifas\/\"    >\n    <span>Veure informaci\u00f3<\/span>\n    <\/a>                                            <\/div>\n                            <\/div>\n        <\/div>\n<\/section>\n\n\n<section class=\"tpk-banner-app \">\n    <div class=\"row wrapper middle-xs\">\n        <div class=\"col-xs-12 col-sm-6 col-no-gutter tpk-banner-app__picture\">\n                                                <picture class=\"hide-xs show-sm\">\n\n                             <source srcset=\"https:\/\/orapeniscola.com\/wp-content\/uploads\/sites\/34\/2024\/06\/Web_bloqueORA_Mesa-de-trabajo-1-488x534.webp\" media=\"(min-width: 30rem) and (max-width: 64rem)\" >\n                            <source srcset=\"https:\/\/orapeniscola.com\/wp-content\/uploads\/sites\/34\/2024\/06\/Web_bloqueORA_Mesa-de-trabajo-1.webp\" media=\"(min-width: 64rem)\" >\n        \n        \n                                                                                                        \n        <img src=\"https:\/\/orapeniscola.com\/wp-content\/uploads\/sites\/34\/2024\/06\/Web_bloqueORA_Mesa-de-trabajo-1.webp\" alt=\"\"  width=\"600\" height=\"600\"  loading=\"lazy\" >\n    <\/picture>\n\n                                <\/div>\n        <div class=\"col-xs-12 col-sm-6 tpk-banner-app__content\">\n                        <header class=\"tpk-head  wrapper\">\n    <p class=\"tpk-head__caption\">Aparca i seguix<\/p>    <h2 class=\"tpk-head__title\">Escaneja el codi amb el teu m\u00f2bil per a descarregar l'app<\/h2>    <\/header>\n                        <div class=\"tpk-banner-app__buttons\">\n                                                                                                                    \n    <a href=\"https:\/\/play.google.com\/store\/apps\/details?id=com.delaware.empark\" class=\"tpk-button tpk-button--app dark\" target=\"_blank\">\n        <svg width=\"23\" height=\"26\" viewBox=\"0 0 23 26\" fill=\"none\" xmlns=\"http:\/\/www.w3.org\/2000\/svg\">\n            <path fill-rule=\"evenodd\" clip-rule=\"evenodd\" d=\"M0.862422 0.87988C0.581172 1.18175 0.419922 1.64675 0.419922 2.25113V23.7411C0.419922 24.3455 0.581172 24.8105 0.873047 25.1018L0.949297 25.1661L12.9905 13.1249V12.8543L0.938672 0.815505L0.862422 0.87988Z\" fill=\"url(#paint0_linear_9_9)\"\/>\n            <path fill-rule=\"evenodd\" clip-rule=\"evenodd\" d=\"M16.9962 17.1543L12.98 13.1368V12.8556L16.9975 8.83807L17.0843 8.89182L21.8362 11.5924C23.1968 12.3593 23.1968 13.6231 21.8362 14.4006L17.0843 17.1012L16.9962 17.1543Z\" fill=\"url(#paint1_linear_9_9)\"\/>\n            <path fill-rule=\"evenodd\" clip-rule=\"evenodd\" d=\"M17.083 17.1005L12.9799 12.9961L0.862371 25.1136C1.30487 25.5892 2.04987 25.643 2.88237 25.178L17.083 17.1005Z\" fill=\"url(#paint2_linear_9_9)\"\/>\n            <path fill-rule=\"evenodd\" clip-rule=\"evenodd\" d=\"M17.083 8.89304L2.88237 0.82616C2.05112 0.350535 1.30487 0.41491 0.862371 0.890535L12.9786 12.9962L17.083 8.89304Z\" fill=\"url(#paint3_linear_9_9)\"\/>\n            <defs>\n            <linearGradient id=\"paint0_linear_9_9\" x1=\"35.6607\" y1=\"-6.74995\" x2=\"-5.23028\" y2=\"12.2052\" gradientUnits=\"userSpaceOnUse\">\n            <stop stop-color=\"#047ED6\"\/>\n            <stop offset=\"1\" stop-color=\"#50E6FF\"\/>\n            <\/linearGradient>\n            <linearGradient id=\"paint1_linear_9_9\" x1=\"24.5643\" y1=\"12.9971\" x2=\"-6.03917\" y2=\"12.9971\" gradientUnits=\"userSpaceOnUse\">\n            <stop stop-color=\"#FFDA1C\"\/>\n            <stop offset=\"1\" stop-color=\"#FEB705\"\/>\n            <\/linearGradient>\n            <linearGradient id=\"paint2_linear_9_9\" x1=\"19.7657\" y1=\"4.95934\" x2=\"-15.0772\" y2=\"45.5368\" gradientUnits=\"userSpaceOnUse\">\n            <stop stop-color=\"#D9414F\"\/>\n            <stop offset=\"1\" stop-color=\"#8C193F\"\/>\n            <\/linearGradient>\n            <linearGradient id=\"paint3_linear_9_9\" x1=\"-2.18997\" y1=\"-6.27096\" x2=\"4.71665\" y2=\"5.36978\" gradientUnits=\"userSpaceOnUse\">\n            <stop stop-color=\"#33C481\"\/>\n            <stop offset=\"1\" stop-color=\"#61E3A7\"\/>\n            <\/linearGradient>\n            <\/defs>\n            <\/svg>\n        <div>\n            <span>Disponible en<\/span>\n            Google Play\n        <\/div>\n    <\/a>\n                                                                                                                                                                                <a href=\"https:\/\/apps.apple.com\/es\/app\/telpark\/id658204860\" class=\"tpk-button tpk-button--app dark\" target=\"_blank\">\n        <svg width=\"25\" height=\"30\" viewBox=\"0 0 25 30\" fill=\"none\" xmlns=\"http:\/\/www.w3.org\/2000\/svg\">\n            <path d=\"M23.643 10.227C23.469 10.362 20.397 12.093 20.397 15.942C20.397 20.394 24.306 21.969 24.423 22.008C24.405 22.104 23.802 24.165 22.362 26.265C21.078 28.113 19.737 29.958 17.697 29.958C15.657 29.958 15.132 28.773 12.777 28.773C10.482 28.773 9.666 29.997 7.8 29.997C5.934 29.997 4.632 28.287 3.135 26.187C1.401 23.721 0 19.89 0 16.254C0 10.422 3.792 7.329 7.524 7.329C9.507 7.329 11.16 8.631 12.405 8.631C13.59 8.631 15.438 7.251 17.694 7.251C18.549 7.251 21.621 7.329 23.643 10.227V10.227ZM16.623 4.782C17.556 3.675 18.216 2.139 18.216 0.603C18.216 0.39 18.198 0.174 18.159 0C16.641 0.057 14.835 1.011 13.746 2.274C12.891 3.246 12.093 4.782 12.093 6.339C12.093 6.573 12.132 6.807 12.15 6.882C12.246 6.9 12.402 6.921 12.558 6.921C13.92 6.921 15.633 6.009 16.623 4.782Z\" fill=\"white\"\/>\n        <\/svg>\n        <div>\n            <span>Disponible en<\/span>\n            Apple Store\n        <\/div>\n    <\/a>\n\n                                                                        <\/div>\n        <\/div>\n    <\/div>\n<\/section>\n","protected":false},"excerpt":{"rendered":"","protected":false},"author":3,"featured_media":0,"parent":0,"menu_order":0,"comment_status":"closed","ping_status":"closed","template":"","meta":[],"yoast_head":"<!-- This site is optimized with the Yoast SEO plugin v20.12 - https:\/\/yoast.com\/wordpress\/plugins\/seo\/ -->\n<title>Inici - ORA Pe\u00f1iscola<\/title>\n<meta name=\"robots\" content=\"index, follow, max-snippet:-1, max-image-preview:large, max-video-preview:-1\" \/>\n<link rel=\"canonical\" href=\"https:\/\/orapeniscola.com\/val\/\" \/>\n<meta property=\"og:locale\" content=\"en_US\" \/>\n<meta property=\"og:type\" content=\"article\" \/>\n<meta property=\"og:title\" content=\"Inici - ORA Pe\u00f1iscola\" \/>\n<meta property=\"og:url\" content=\"https:\/\/orapeniscola.com\/val\/\" \/>\n<meta property=\"og:site_name\" content=\"ORA Pe\u00f1iscola\" \/>\n<meta property=\"article:modified_time\" content=\"2024-06-28T11:55:47+00:00\" \/>\n<meta name=\"twitter:card\" content=\"summary_large_image\" \/>\n<script type=\"application\/ld+json\" class=\"yoast-schema-graph\">{\"@context\":\"https:\/\/schema.org\",\"@graph\":[{\"@type\":\"WebPage\",\"@id\":\"https:\/\/orapeniscola.com\/val\/\",\"url\":\"https:\/\/orapeniscola.com\/val\/\",\"name\":\"Inici - ORA Pe\u00f1iscola\",\"isPartOf\":{\"@id\":\"https:\/\/orapeniscola.com\/val\/#website\"},\"datePublished\":\"2024-06-20T06:48:05+00:00\",\"dateModified\":\"2024-06-28T11:55:47+00:00\",\"breadcrumb\":{\"@id\":\"https:\/\/orapeniscola.com\/val\/#breadcrumb\"},\"inLanguage\":\"ca-VAL\",\"potentialAction\":[{\"@type\":\"ReadAction\",\"target\":[\"https:\/\/orapeniscola.com\/val\/\"]}]},{\"@type\":\"BreadcrumbList\",\"@id\":\"https:\/\/orapeniscola.com\/val\/#breadcrumb\",\"itemListElement\":[{\"@type\":\"ListItem\",\"position\":1,\"name\":\"Home\",\"item\":\"https:\/\/orapeniscola.com\/val\/\"},{\"@type\":\"ListItem\",\"position\":2,\"name\":\"Inici\"}]},{\"@type\":\"WebSite\",\"@id\":\"https:\/\/orapeniscola.com\/val\/#website\",\"url\":\"https:\/\/orapeniscola.com\/val\/\",\"name\":\"ORA Pe\u00f1iscola\",\"description\":\"\",\"publisher\":{\"@id\":\"https:\/\/orapeniscola.com\/val\/#organization\"},\"potentialAction\":[{\"@type\":\"SearchAction\",\"target\":{\"@type\":\"EntryPoint\",\"urlTemplate\":\"https:\/\/orapeniscola.com\/val\/?s={search_term_string}\"},\"query-input\":\"required name=search_term_string\"}],\"inLanguage\":\"ca-VAL\"},{\"@type\":\"Organization\",\"@id\":\"https:\/\/orapeniscola.com\/val\/#organization\",\"name\":\"ORA Pe\u00f1iscola\",\"url\":\"https:\/\/orapeniscola.com\/val\/\",\"logo\":{\"@type\":\"ImageObject\",\"inLanguage\":\"ca-VAL\",\"@id\":\"https:\/\/orapeniscola.com\/val\/#\/schema\/logo\/image\/\",\"url\":\"https:\/\/orapeniscola.com\/wp-content\/uploads\/sites\/34\/2024\/06\/cropped-pen\u0303iscola-1-1.png\",\"contentUrl\":\"https:\/\/orapeniscola.com\/wp-content\/uploads\/sites\/34\/2024\/06\/cropped-pen\u0303iscola-1-1.png\",\"width\":110,\"height\":60,\"caption\":\"ORA Pe\u00f1iscola\"},\"image\":{\"@id\":\"https:\/\/orapeniscola.com\/val\/#\/schema\/logo\/image\/\"}}]}<\/script>\n<!-- \/ Yoast SEO plugin. -->","yoast_head_json":{"title":"Inici - ORA Pe\u00f1iscola","robots":{"index":"index","follow":"follow","max-snippet":"max-snippet:-1","max-image-preview":"max-image-preview:large","max-video-preview":"max-video-preview:-1"},"canonical":"https:\/\/orapeniscola.com\/val\/","og_locale":"en_US","og_type":"article","og_title":"Inici - ORA Pe\u00f1iscola","og_url":"https:\/\/orapeniscola.com\/val\/","og_site_name":"ORA Pe\u00f1iscola","article_modified_time":"2024-06-28T11:55:47+00:00","twitter_card":"summary_large_image","schema":{"@context":"https:\/\/schema.org","@graph":[{"@type":"WebPage","@id":"https:\/\/orapeniscola.com\/val\/","url":"https:\/\/orapeniscola.com\/val\/","name":"Inici - ORA Pe\u00f1iscola","isPartOf":{"@id":"https:\/\/orapeniscola.com\/val\/#website"},"datePublished":"2024-06-20T06:48:05+00:00","dateModified":"2024-06-28T11:55:47+00:00","breadcrumb":{"@id":"https:\/\/orapeniscola.com\/val\/#breadcrumb"},"inLanguage":"ca-VAL","potentialAction":[{"@type":"ReadAction","target":["https:\/\/orapeniscola.com\/val\/"]}]},{"@type":"BreadcrumbList","@id":"https:\/\/orapeniscola.com\/val\/#breadcrumb","itemListElement":[{"@type":"ListItem","position":1,"name":"Home","item":"https:\/\/orapeniscola.com\/val\/"},{"@type":"ListItem","position":2,"name":"Inici"}]},{"@type":"WebSite","@id":"https:\/\/orapeniscola.com\/val\/#website","url":"https:\/\/orapeniscola.com\/val\/","name":"ORA Pe\u00f1iscola","description":"","publisher":{"@id":"https:\/\/orapeniscola.com\/val\/#organization"},"potentialAction":[{"@type":"SearchAction","target":{"@type":"EntryPoint","urlTemplate":"https:\/\/orapeniscola.com\/val\/?s={search_term_string}"},"query-input":"required name=search_term_string"}],"inLanguage":"ca-VAL"},{"@type":"Organization","@id":"https:\/\/orapeniscola.com\/val\/#organization","name":"ORA Pe\u00f1iscola","url":"https:\/\/orapeniscola.com\/val\/","logo":{"@type":"ImageObject","inLanguage":"ca-VAL","@id":"https:\/\/orapeniscola.com\/val\/#\/schema\/logo\/image\/","url":"https:\/\/orapeniscola.com\/wp-content\/uploads\/sites\/34\/2024\/06\/cropped-pen\u0303iscola-1-1.png","contentUrl":"https:\/\/orapeniscola.com\/wp-content\/uploads\/sites\/34\/2024\/06\/cropped-pen\u0303iscola-1-1.png","width":110,"height":60,"caption":"ORA Pe\u00f1iscola"},"image":{"@id":"https:\/\/orapeniscola.com\/val\/#\/schema\/logo\/image\/"}}]}},"meta_box":[],"_links":{"self":[{"href":"https:\/\/orapeniscola.com\/val\/wp-json\/wp\/v2\/pages\/448"}],"collection":[{"href":"https:\/\/orapeniscola.com\/val\/wp-json\/wp\/v2\/pages"}],"about":[{"href":"https:\/\/orapeniscola.com\/val\/wp-json\/wp\/v2\/types\/page"}],"author":[{"embeddable":true,"href":"https:\/\/orapeniscola.com\/val\/wp-json\/wp\/v2\/users\/3"}],"replies":[{"embeddable":true,"href":"https:\/\/orapeniscola.com\/val\/wp-json\/wp\/v2\/comments?post=448"}],"version-history":[{"count":2,"href":"https:\/\/orapeniscola.com\/val\/wp-json\/wp\/v2\/pages\/448\/revisions"}],"predecessor-version":[{"id":814,"href":"https:\/\/orapeniscola.com\/val\/wp-json\/wp\/v2\/pages\/448\/revisions\/814"}],"wp:attachment":[{"href":"https:\/\/orapeniscola.com\/val\/wp-json\/wp\/v2\/media?parent=448"}],"curies":[{"name":"wp","href":"https:\/\/api.w.org\/{rel}","templated":true}]}}