{"id":460,"date":"2024-06-20T08:54:46","date_gmt":"2024-06-20T06:54:46","guid":{"rendered":"https:\/\/orapeniscola.com\/residents\/"},"modified":"2024-06-28T09:24:23","modified_gmt":"2024-06-28T07:24:23","slug":"residents","status":"publish","type":"page","link":"https:\/\/orapeniscola.com\/fr\/residents\/","title":{"rendered":"R\u00e9sidents"},"content":{"rendered":"\n<section class=\"tpk-hero tpk-hero--products                lower\"\n         style=\"\">\n                        <picture >\n\n                    <source srcset=\"https:\/\/orapeniscola.com\/wp-content\/uploads\/sites\/34\/2024\/06\/Residentes-OTA-Barakaldo-480x300.webp\" media=\"((min-width: 0rem) and (max-width: 30rem))\">\n                             <source srcset=\"https:\/\/orapeniscola.com\/wp-content\/uploads\/sites\/34\/2024\/06\/Residentes-OTA-Barakaldo-1024x300.webp\" media=\"(min-width: 30rem) and (max-width: 64rem)\" >\n                            <source srcset=\"https:\/\/orapeniscola.com\/wp-content\/uploads\/sites\/34\/2024\/06\/Residentes-OTA-Barakaldo.webp\" media=\"(min-width: 64rem)\" >\n        \n        \n                                                                                                        \n        <img src=\"https:\/\/orapeniscola.com\/wp-content\/uploads\/sites\/34\/2024\/06\/Residentes-OTA-Barakaldo.webp\" alt=\"\"  width=\"1140\" height=\"300\"  loading=\"eager\">\n    <\/picture>\n\n    \n        <div class=\"tpk-hero__content wrapper row\">\n                    <div class=\"col-xs-12 col-sm-12 pr-h pl-h\">\n                                <header class=\"tpk-head  wrapper\">\n    <p class=\"tpk-head__caption\">Fonctionnement<\/p>    <h1 class=\"tpk-head__title\">R\u00e9sidents<\/h1>    <\/header>\n            \n                    <\/div>\n    <\/div>\n            <div class=\"tpk-hero__cards row wrapper\">\n                                                                                        <div class=\"col-xs-12 col-sm-12 col-md-4 mb-1 pl-h pr-h\">\n                                                                    <\/div>\n                    <\/div>\n    <\/section>\n<div class=\"tpk-spinner__wrapper\">\n    <div class=\"tpk-spinner\"><\/div>\n<\/div>\n\n<article class=\"tpk-page\">\n    <div class=\"row wrapper center-xs tpk-page__content\">\n        <div class=\"col-xs-12 col-sm-10 col-md-8 pt-4 pb-4\">\n            <blockquote>\n<h3><strong>Parking gratuit dans TOUTES LES ZONES BLEUES ET ORANGES (\u00e0 l'exception des zones vertes)<\/strong><\/h3>\n<\/blockquote>\n<h4>Aucune proc\u00e9dure de renouvellement n'est n\u00e9cessaire<\/h4>\n<p>Les utilisateurs qui disposaient d'une autorisation de stationnement gratuit en 2023 n'auront pas \u00e0 effectuer de proc\u00e9dure de renouvellement :<\/p>\n<ul>\n<li>S'ils gardent le m\u00eame v\u00e9hicule et sont au courant du paiement de la taxe de circulation<\/li>\n<li>S'ils continuent \u00e0 \u00eatre enregistr\u00e9s<\/li>\n<\/ul>\n<blockquote>\n<h2>Demande de stationnement r\u00e9sidents zone ORA<\/h2>\n<\/blockquote>\n<ul>\n<li>Pour les nouveaux v\u00e9hicules et les nouveaux inscrits :\n<ul>\n<li>Les citoyens qui n'ont pas d'autorisation pour leur v\u00e9hicule au cours des ann\u00e9es pr\u00e9c\u00e9dentes, parce qu'ils n'\u00e9taient pas enregistr\u00e9s, que leur v\u00e9hicule ne payait pas la taxe de circulation \u00e0 Pe\u00f1\u00edscola ou parce qu'ils ont un nouveau v\u00e9hicule, peuvent demander <strong>un parking r\u00e9sident dans la zone ORA<\/strong>. Pour cela, il faut :\n<ul>\n<li>Que le titulaire du v\u00e9hicule soit enregistr\u00e9 \u00e0 Pe\u00f1\u00edscola<\/li>\n<li>Que la taxe de circulation du v\u00e9hicule soit pay\u00e9e \u00e0 Pe\u00f1\u00edscola et soit au courant du paiement<\/li>\n<\/ul>\n<\/li>\n<\/ul>\n<\/li>\n<\/ul>\n<h4>Informations sur la proc\u00e9dure<\/h4>\n<p>Mod\u00e8le de <a href=\"https:\/\/www.peniscola.org\/bd\/archivos\/archivo2732.pdf\">demande <\/a>de <a href=\"https:\/\/www.peniscola.org\/bd\/archivos\/archivo2732.pdf\">stationnement r\u00e9sident zone ORA<\/a><\/p>\n<p><strong>Documents n\u00e9cessaires <\/strong>:<\/p>\n<ul>\n<li>Re\u00e7u taxe de circulation au courant de paiement <strong>Lieu de pr\u00e9sentation<\/strong><\/li>\n<li>Bureaux SAC (Service d'attention citoyenne)<\/li>\n<\/ul>\n<blockquote>\n<h2>Les ZONES VERTES, limit\u00e9es \u00e0 2 heures, sont toujours payantes<\/h2>\n<\/blockquote>\n<p>L'Av. de la Mar et la C. de Llandells (dans le tron\u00e7on en face du SAC) sont exclues des zones pour les r\u00e9sidents car il s'agit de ZONES VERTES<\/p>\n\n        <\/div>\n    <\/div>\n<\/article>\n\n\n<section\n        class=\"tpk-banner-cta tpk-banner-cta--background   \"\n        style=\" --bg-picture: url('https:\/\/orapeniscola.com\/wp-content\/uploads\/sites\/34\/2024\/06\/banner.webp'); \">\n    <div class=\"tpk-banner-cta__content row wrapper middle-xs \">\n                                <div class=\"col-xs-12 col-md-6 tpk-banner-cta__content__text  \">\n                                                <header class=\"tpk-head  wrapper\">\n    <p class=\"tpk-head__caption\">V\u00e9rifier les zones de stationnement r\u00e9glement\u00e9es<\/p>    <h2 class=\"tpk-head__title\">Carte g\u00e9n\u00e9rale de Pe\u00f1\u00edscola<\/h2>    <\/header>                                    <div class=\"tpk-banner-cta__buttons\">\n                                                                                <a  class=\"tpk-button tpk-button--primary tpk-button--lg \" href=\"https:\/\/orapeniscola.com\/fr\/planos\/\"    target=\"_blank\" >\n    <span>Voir <\/span>\n    <\/a>                                            <\/div>\n                            <\/div>\n        <\/div>\n<\/section>\n\n<article class=\"tpk-page\">\n    <div class=\"row wrapper center-xs tpk-page__content\">\n        <div class=\"col-xs-12 col-sm-10 col-md-8 pt-4 pb-4\">\n            <h2>Questions fr\u00e9quemment pos\u00e9es<\/h2>\n<blockquote>\n<p>Si vous avez des questions, n'h\u00e9sitez pas \u00e0 consulter notre F.A.Q. (FAQ) o\u00f9 vous trouverez les questions pos\u00e9es par la plupart des utilisateurs.<\/p>\n<p><a href=\"https:\/\/orapeniscola.com\/fr\/faqs\/\">VOIR LES QUESTIONS FR\u00c9QUEMMENT POS\u00c9ES<\/a><\/p>\n<\/blockquote>\n\n        <\/div>\n    <\/div>\n<\/article>","protected":false},"excerpt":{"rendered":"","protected":false},"author":3,"featured_media":0,"parent":0,"menu_order":0,"comment_status":"closed","ping_status":"closed","template":"","meta":[],"yoast_head":"<!-- This site is optimized with the Yoast SEO plugin v20.12 - https:\/\/yoast.com\/wordpress\/plugins\/seo\/ -->\n<title>R\u00e9sidents - ORA Pe\u00f1iscola<\/title>\n<meta name=\"robots\" content=\"index, follow, max-snippet:-1, max-image-preview:large, max-video-preview:-1\" \/>\n<link rel=\"canonical\" href=\"https:\/\/orapeniscola.com\/fr\/residents\/\" \/>\n<meta property=\"og:locale\" content=\"fr_FR\" \/>\n<meta property=\"og:type\" content=\"article\" \/>\n<meta property=\"og:title\" content=\"R\u00e9sidents - ORA Pe\u00f1iscola\" \/>\n<meta property=\"og:url\" content=\"https:\/\/orapeniscola.com\/fr\/residents\/\" \/>\n<meta property=\"og:site_name\" content=\"ORA Pe\u00f1iscola\" \/>\n<meta property=\"article:modified_time\" content=\"2024-06-28T07:24:23+00:00\" \/>\n<meta name=\"twitter:card\" content=\"summary_large_image\" \/>\n<script type=\"application\/ld+json\" class=\"yoast-schema-graph\">{\"@context\":\"https:\/\/schema.org\",\"@graph\":[{\"@type\":\"WebPage\",\"@id\":\"https:\/\/orapeniscola.com\/fr\/residents\/\",\"url\":\"https:\/\/orapeniscola.com\/fr\/residents\/\",\"name\":\"R\u00e9sidents - ORA Pe\u00f1iscola\",\"isPartOf\":{\"@id\":\"https:\/\/orapeniscola.com\/fr\/#website\"},\"datePublished\":\"2024-06-20T06:54:46+00:00\",\"dateModified\":\"2024-06-28T07:24:23+00:00\",\"breadcrumb\":{\"@id\":\"https:\/\/orapeniscola.com\/fr\/residents\/#breadcrumb\"},\"inLanguage\":\"fr-FR\",\"potentialAction\":[{\"@type\":\"ReadAction\",\"target\":[\"https:\/\/orapeniscola.com\/fr\/residents\/\"]}]},{\"@type\":\"BreadcrumbList\",\"@id\":\"https:\/\/orapeniscola.com\/fr\/residents\/#breadcrumb\",\"itemListElement\":[{\"@type\":\"ListItem\",\"position\":1,\"name\":\"Home\",\"item\":\"https:\/\/orapeniscola.com\/fr\/\"},{\"@type\":\"ListItem\",\"position\":2,\"name\":\"R\u00e9sidents\"}]},{\"@type\":\"WebSite\",\"@id\":\"https:\/\/orapeniscola.com\/fr\/#website\",\"url\":\"https:\/\/orapeniscola.com\/fr\/\",\"name\":\"ORA Pe\u00f1iscola\",\"description\":\"\",\"publisher\":{\"@id\":\"https:\/\/orapeniscola.com\/fr\/#organization\"},\"potentialAction\":[{\"@type\":\"SearchAction\",\"target\":{\"@type\":\"EntryPoint\",\"urlTemplate\":\"https:\/\/orapeniscola.com\/fr\/?s={search_term_string}\"},\"query-input\":\"required name=search_term_string\"}],\"inLanguage\":\"fr-FR\"},{\"@type\":\"Organization\",\"@id\":\"https:\/\/orapeniscola.com\/fr\/#organization\",\"name\":\"ORA Pe\u00f1iscola\",\"url\":\"https:\/\/orapeniscola.com\/fr\/\",\"logo\":{\"@type\":\"ImageObject\",\"inLanguage\":\"fr-FR\",\"@id\":\"https:\/\/orapeniscola.com\/fr\/#\/schema\/logo\/image\/\",\"url\":\"https:\/\/orapeniscola.com\/wp-content\/uploads\/sites\/34\/2024\/06\/cropped-pen\u0303iscola-1-1.png\",\"contentUrl\":\"https:\/\/orapeniscola.com\/wp-content\/uploads\/sites\/34\/2024\/06\/cropped-pen\u0303iscola-1-1.png\",\"width\":110,\"height\":60,\"caption\":\"ORA Pe\u00f1iscola\"},\"image\":{\"@id\":\"https:\/\/orapeniscola.com\/fr\/#\/schema\/logo\/image\/\"}}]}<\/script>\n<!-- \/ Yoast SEO plugin. -->","yoast_head_json":{"title":"R\u00e9sidents - ORA Pe\u00f1iscola","robots":{"index":"index","follow":"follow","max-snippet":"max-snippet:-1","max-image-preview":"max-image-preview:large","max-video-preview":"max-video-preview:-1"},"canonical":"https:\/\/orapeniscola.com\/fr\/residents\/","og_locale":"fr_FR","og_type":"article","og_title":"R\u00e9sidents - ORA Pe\u00f1iscola","og_url":"https:\/\/orapeniscola.com\/fr\/residents\/","og_site_name":"ORA Pe\u00f1iscola","article_modified_time":"2024-06-28T07:24:23+00:00","twitter_card":"summary_large_image","schema":{"@context":"https:\/\/schema.org","@graph":[{"@type":"WebPage","@id":"https:\/\/orapeniscola.com\/fr\/residents\/","url":"https:\/\/orapeniscola.com\/fr\/residents\/","name":"R\u00e9sidents - ORA Pe\u00f1iscola","isPartOf":{"@id":"https:\/\/orapeniscola.com\/fr\/#website"},"datePublished":"2024-06-20T06:54:46+00:00","dateModified":"2024-06-28T07:24:23+00:00","breadcrumb":{"@id":"https:\/\/orapeniscola.com\/fr\/residents\/#breadcrumb"},"inLanguage":"fr-FR","potentialAction":[{"@type":"ReadAction","target":["https:\/\/orapeniscola.com\/fr\/residents\/"]}]},{"@type":"BreadcrumbList","@id":"https:\/\/orapeniscola.com\/fr\/residents\/#breadcrumb","itemListElement":[{"@type":"ListItem","position":1,"name":"Home","item":"https:\/\/orapeniscola.com\/fr\/"},{"@type":"ListItem","position":2,"name":"R\u00e9sidents"}]},{"@type":"WebSite","@id":"https:\/\/orapeniscola.com\/fr\/#website","url":"https:\/\/orapeniscola.com\/fr\/","name":"ORA Pe\u00f1iscola","description":"","publisher":{"@id":"https:\/\/orapeniscola.com\/fr\/#organization"},"potentialAction":[{"@type":"SearchAction","target":{"@type":"EntryPoint","urlTemplate":"https:\/\/orapeniscola.com\/fr\/?s={search_term_string}"},"query-input":"required name=search_term_string"}],"inLanguage":"fr-FR"},{"@type":"Organization","@id":"https:\/\/orapeniscola.com\/fr\/#organization","name":"ORA Pe\u00f1iscola","url":"https:\/\/orapeniscola.com\/fr\/","logo":{"@type":"ImageObject","inLanguage":"fr-FR","@id":"https:\/\/orapeniscola.com\/fr\/#\/schema\/logo\/image\/","url":"https:\/\/orapeniscola.com\/wp-content\/uploads\/sites\/34\/2024\/06\/cropped-pen\u0303iscola-1-1.png","contentUrl":"https:\/\/orapeniscola.com\/wp-content\/uploads\/sites\/34\/2024\/06\/cropped-pen\u0303iscola-1-1.png","width":110,"height":60,"caption":"ORA Pe\u00f1iscola"},"image":{"@id":"https:\/\/orapeniscola.com\/fr\/#\/schema\/logo\/image\/"}}]}},"meta_box":[],"_links":{"self":[{"href":"https:\/\/orapeniscola.com\/fr\/wp-json\/wp\/v2\/pages\/460"}],"collection":[{"href":"https:\/\/orapeniscola.com\/fr\/wp-json\/wp\/v2\/pages"}],"about":[{"href":"https:\/\/orapeniscola.com\/fr\/wp-json\/wp\/v2\/types\/page"}],"author":[{"embeddable":true,"href":"https:\/\/orapeniscola.com\/fr\/wp-json\/wp\/v2\/users\/3"}],"replies":[{"embeddable":true,"href":"https:\/\/orapeniscola.com\/fr\/wp-json\/wp\/v2\/comments?post=460"}],"version-history":[{"count":2,"href":"https:\/\/orapeniscola.com\/fr\/wp-json\/wp\/v2\/pages\/460\/revisions"}],"predecessor-version":[{"id":774,"href":"https:\/\/orapeniscola.com\/fr\/wp-json\/wp\/v2\/pages\/460\/revisions\/774"}],"wp:attachment":[{"href":"https:\/\/orapeniscola.com\/fr\/wp-json\/wp\/v2\/media?parent=460"}],"curies":[{"name":"wp","href":"https:\/\/api.w.org\/{rel}","templated":true}]}}