{"id":449,"date":"2024-06-20T08:48:05","date_gmt":"2024-06-20T06:48:05","guid":{"rendered":"https:\/\/orapeniscola.com\/accueil\/"},"modified":"2024-06-28T09:11:03","modified_gmt":"2024-06-28T07:11:03","slug":"accueil","status":"publish","type":"page","link":"https:\/\/orapeniscola.com\/fr\/","title":{"rendered":"Accueil"},"content":{"rendered":"\n<section class=\"tpk-hero tpk-hero--products                lower\"\n         style=\"\">\n                        <picture >\n\n                    <source srcset=\"https:\/\/orapeniscola.com\/wp-content\/uploads\/sites\/34\/2024\/06\/vista-aerea-peniscola-480x640.jpg\" media=\"((min-width: 0rem) and (max-width: 30rem))\">\n                             <source srcset=\"https:\/\/orapeniscola.com\/wp-content\/uploads\/sites\/34\/2024\/06\/vista-aerea-peniscola-1024x500.jpg\" media=\"(min-width: 30rem) and (max-width: 64rem)\" >\n                            <source srcset=\"https:\/\/orapeniscola.com\/wp-content\/uploads\/sites\/34\/2024\/06\/vista-aerea-peniscola-1400x640.jpg\" media=\"(min-width: 64rem)\" >\n        \n        \n                                                                                                        \n        <img src=\"https:\/\/orapeniscola.com\/wp-content\/uploads\/sites\/34\/2024\/06\/vista-aerea-peniscola-1400x640.jpg\" alt=\"\"  width=\"1400\" height=\"640\"  loading=\"eager\">\n    <\/picture>\n\n    \n        <div class=\"tpk-hero__content wrapper row\">\n                    <div class=\"col-xs-12 col-sm-12 pr-h pl-h\">\n                                <header class=\"tpk-head  wrapper\">\n    <p class=\"tpk-head__caption\">ORA<\/p>    <h1 class=\"tpk-head__title\">Ne faites plus de tours pour laisser votre voiture \u00e0 Pe\u00f1\u00edscola<\/h1>    <p>Le stationnement r\u00e9glement\u00e9 sur la voie publique de Pe\u00f1\u00edscola est une solution de mobilit\u00e9 urbaine, dont le but est de faciliter une meilleure circulation des v\u00e9hicules et de partager les places de stationnement disponibles, entre le plus grand nombre de voisins et de visiteurs possible.<\/p>\n<\/header>\n            \n                    <\/div>\n    <\/div>\n            <div class=\"tpk-hero__cards row wrapper\">\n                                                                                        <div class=\"col-xs-12 col-sm-12 col-md-4 mb-1 pl-h pr-h\">\n                                                                    <\/div>\n                    <\/div>\n    <\/section>\n<div class=\"tpk-spinner__wrapper\">\n    <div class=\"tpk-spinner\"><\/div>\n<\/div>\n\n<section class=\"tpk-benefits \" >\n    <div class=\"wrapper row center-xs\">\n        <div class=\"col-xs-12 col-sm-10 col-md-8\">\n                <header class=\"tpk-head  wrapper\">\n        <h2 class=\"tpk-head__title\">Contactez-Nous<\/h2>    <\/header>        <\/div>\n    <\/div>\n    <div class=\"tpk-benefits__list row wrapper\">\n                    <div class=\"col-xs-12 col-sm-6 col-md-3\">\n                                <div class=\"tpk-benefit\">\n    <div class=\"tpk-benefit__icon\">\n        <span class=\"icon icon-mail icon--lg\">\n        <\/span>\n    <\/div>\n\n    <div class=\"tpk-benefit__content\">\n        <h3 class=\"tpk-benefit__title\">Email<\/h3>\n        <p>orapeniscola@telpark.com<\/p>\n\n    <\/div>\n<\/div>            <\/div>\n                    <div class=\"col-xs-12 col-sm-6 col-md-3\">\n                                <div class=\"tpk-benefit\">\n    <div class=\"tpk-benefit__icon\">\n        <span class=\"icon icon-phone icon--lg\">\n        <\/span>\n    <\/div>\n\n    <div class=\"tpk-benefit__content\">\n        <h3 class=\"tpk-benefit__title\">T\u00e9l\u00e9phone<\/h3>\n        <p>+34 620 752 362<\/p>\n\n    <\/div>\n<\/div>            <\/div>\n                    <div class=\"col-xs-12 col-sm-6 col-md-3\">\n                                <div class=\"tpk-benefit\">\n    <div class=\"tpk-benefit__icon\">\n        <span class=\"icon icon-info icon--lg\">\n        <\/span>\n    <\/div>\n\n    <div class=\"tpk-benefit__content\">\n        <h3 class=\"tpk-benefit__title\">Bureau de Service Client<\/h3>\n        <p>Bureau sur Avda del Mar, s\/n<\/p>\n\n    <\/div>\n<\/div>            <\/div>\n            <\/div>\n<\/section>\n\n<article class=\"tpk-page\">\n    <div class=\"row wrapper center-xs tpk-page__content\">\n        <div class=\"col-xs-12 col-sm-10 col-md-8 pt-4 pb-4\">\n            <h2>Parking r\u00e9glement\u00e9 \u00e0 Pe\u00f1\u00edscola (ORA)<\/h2>\n<blockquote>\n<p>Le service de stationnement r\u00e9glement\u00e9 sur la voie publique de Pe\u00f1\u00edscola est une partie essentielle des services municipaux qui contribuent \u00e0 am\u00e9liorer la mobilit\u00e9 de la ville.<\/p>\n<p>L'objectif est de r\u00e9soudre le besoin des commerces de disposer d'espaces libres pour leurs clients. De plus, le stationnement est rationalis\u00e9, dans les endroits o\u00f9 il y a beaucoup de demande et \u00e9vite les embouteillages, raccourcissant le temps d'attente pour trouver un parking et aidant \u00e0 r\u00e9duire la pollution.<\/p>\n<\/blockquote>\n<h2>Renouvellement r\u00e9sidents 2024<\/h2>\n<p><em><strong>La p\u00e9riode de renouvellement pour l'ann\u00e9e 2024 des r\u00e9sidents de la zone bleue de Pe\u00f1\u00edscola commencera le 21 novembre 2023 jusqu'au 31 janvier 2024.<\/strong><\/em><\/p>\n<blockquote>\n<p>Il se fera dans notre bureau sur rendez-vous, par WhatsApp au 690956722 ou par courrier \u00e9lectronique aux r\u00e9sidents....<\/p>\n<p>La date limite pour envoyer toute la documentation par voie t\u00e9l\u00e9matique est fix\u00e9e au 21 janvier 2024. Si, \u00e0 cette date, ils n'ont pas envoy\u00e9 tous les documents requis, ils seront effectu\u00e9s au moyen de la demande de rendez-vous pr\u00e9alable de 10h \u00e0 14h et de 16h \u00e0 19h, afin de pouvoir renouveler dans le d\u00e9lai (31 janvier 2024).<\/p>\n<\/blockquote>\n\n        <\/div>\n    <\/div>\n<\/article>\n\n\n<section\n        class=\"tpk-banner-cta tpk-banner-cta--background   \"\n        style=\"\">\n    <div class=\"tpk-banner-cta__content row wrapper middle-xs \">\n                <div class=\"col-xs-12 col-sm-6 tpk-banner-cta__content__picture\">\n                                                        <picture >\n\n                    <source srcset=\"https:\/\/orapeniscola.com\/wp-content\/uploads\/sites\/34\/2024\/06\/Horarios-y-tarifas-375x500.jpg\" media=\"((min-width: 0rem) and (max-width: 30rem))\">\n                             <source srcset=\"https:\/\/orapeniscola.com\/wp-content\/uploads\/sites\/34\/2024\/06\/Horarios-y-tarifas-520x520.jpg\" media=\"(min-width: 30rem) and (max-width: 64rem)\" >\n                            <source srcset=\"https:\/\/orapeniscola.com\/wp-content\/uploads\/sites\/34\/2024\/06\/Horarios-y-tarifas.jpg\" media=\"(min-width: 64rem)\" >\n        \n        \n                                                                                                        \n        <img src=\"https:\/\/orapeniscola.com\/wp-content\/uploads\/sites\/34\/2024\/06\/Horarios-y-tarifas.jpg\" alt=\"\"  width=\"623\" height=\"800\"  loading=\"lazy\" >\n    <\/picture>\n\n        <\/div>\n        <div class=\"col-xs-12 col-sm-6 tpk-banner-cta__content__text  align-left \">\n                                                        <header class=\"tpk-head  wrapper\">\n    <p class=\"tpk-head__caption\">Consultation<\/p>    <h2 class=\"tpk-head__title\">Horaires et tarifs<\/h2>    <\/header>                                    <div class=\"tpk-banner-cta__buttons\">\n                                                                                <a  class=\"tpk-button tpk-button--primary tpk-button--lg \" href=\"https:\/\/orapeniscola.com\/fr\/horarios-y-tarifas\/\"    >\n    <span>Voir les informations<\/span>\n    <\/a>                                            <\/div>\n                            <\/div>\n        <\/div>\n<\/section>","protected":false},"excerpt":{"rendered":"","protected":false},"author":3,"featured_media":0,"parent":0,"menu_order":0,"comment_status":"closed","ping_status":"closed","template":"","meta":[],"yoast_head":"<!-- This site is optimized with the Yoast SEO plugin v20.12 - https:\/\/yoast.com\/wordpress\/plugins\/seo\/ -->\n<title>Accueil - ORA Pe\u00f1iscola<\/title>\n<meta name=\"robots\" content=\"index, follow, max-snippet:-1, max-image-preview:large, max-video-preview:-1\" \/>\n<link rel=\"canonical\" href=\"https:\/\/orapeniscola.com\/fr\/\" \/>\n<meta property=\"og:locale\" content=\"fr_FR\" \/>\n<meta property=\"og:type\" content=\"article\" \/>\n<meta property=\"og:title\" content=\"Accueil - ORA Pe\u00f1iscola\" \/>\n<meta property=\"og:url\" content=\"https:\/\/orapeniscola.com\/fr\/\" \/>\n<meta property=\"og:site_name\" content=\"ORA Pe\u00f1iscola\" \/>\n<meta property=\"article:modified_time\" content=\"2024-06-28T07:11:03+00:00\" \/>\n<meta name=\"twitter:card\" content=\"summary_large_image\" \/>\n<script type=\"application\/ld+json\" class=\"yoast-schema-graph\">{\"@context\":\"https:\/\/schema.org\",\"@graph\":[{\"@type\":\"WebPage\",\"@id\":\"https:\/\/orapeniscola.com\/fr\/\",\"url\":\"https:\/\/orapeniscola.com\/fr\/\",\"name\":\"Accueil - ORA Pe\u00f1iscola\",\"isPartOf\":{\"@id\":\"https:\/\/orapeniscola.com\/fr\/#website\"},\"datePublished\":\"2024-06-20T06:48:05+00:00\",\"dateModified\":\"2024-06-28T07:11:03+00:00\",\"breadcrumb\":{\"@id\":\"https:\/\/orapeniscola.com\/fr\/#breadcrumb\"},\"inLanguage\":\"fr-FR\",\"potentialAction\":[{\"@type\":\"ReadAction\",\"target\":[\"https:\/\/orapeniscola.com\/fr\/\"]}]},{\"@type\":\"BreadcrumbList\",\"@id\":\"https:\/\/orapeniscola.com\/fr\/#breadcrumb\",\"itemListElement\":[{\"@type\":\"ListItem\",\"position\":1,\"name\":\"Home\",\"item\":\"https:\/\/orapeniscola.com\/fr\/\"},{\"@type\":\"ListItem\",\"position\":2,\"name\":\"Accueil\"}]},{\"@type\":\"WebSite\",\"@id\":\"https:\/\/orapeniscola.com\/fr\/#website\",\"url\":\"https:\/\/orapeniscola.com\/fr\/\",\"name\":\"ORA Pe\u00f1iscola\",\"description\":\"\",\"publisher\":{\"@id\":\"https:\/\/orapeniscola.com\/fr\/#organization\"},\"potentialAction\":[{\"@type\":\"SearchAction\",\"target\":{\"@type\":\"EntryPoint\",\"urlTemplate\":\"https:\/\/orapeniscola.com\/fr\/?s={search_term_string}\"},\"query-input\":\"required name=search_term_string\"}],\"inLanguage\":\"fr-FR\"},{\"@type\":\"Organization\",\"@id\":\"https:\/\/orapeniscola.com\/fr\/#organization\",\"name\":\"ORA Pe\u00f1iscola\",\"url\":\"https:\/\/orapeniscola.com\/fr\/\",\"logo\":{\"@type\":\"ImageObject\",\"inLanguage\":\"fr-FR\",\"@id\":\"https:\/\/orapeniscola.com\/fr\/#\/schema\/logo\/image\/\",\"url\":\"https:\/\/orapeniscola.com\/wp-content\/uploads\/sites\/34\/2024\/06\/cropped-pen\u0303iscola-1-1.png\",\"contentUrl\":\"https:\/\/orapeniscola.com\/wp-content\/uploads\/sites\/34\/2024\/06\/cropped-pen\u0303iscola-1-1.png\",\"width\":110,\"height\":60,\"caption\":\"ORA Pe\u00f1iscola\"},\"image\":{\"@id\":\"https:\/\/orapeniscola.com\/fr\/#\/schema\/logo\/image\/\"}}]}<\/script>\n<!-- \/ Yoast SEO plugin. -->","yoast_head_json":{"title":"Accueil - ORA Pe\u00f1iscola","robots":{"index":"index","follow":"follow","max-snippet":"max-snippet:-1","max-image-preview":"max-image-preview:large","max-video-preview":"max-video-preview:-1"},"canonical":"https:\/\/orapeniscola.com\/fr\/","og_locale":"fr_FR","og_type":"article","og_title":"Accueil - ORA Pe\u00f1iscola","og_url":"https:\/\/orapeniscola.com\/fr\/","og_site_name":"ORA Pe\u00f1iscola","article_modified_time":"2024-06-28T07:11:03+00:00","twitter_card":"summary_large_image","schema":{"@context":"https:\/\/schema.org","@graph":[{"@type":"WebPage","@id":"https:\/\/orapeniscola.com\/fr\/","url":"https:\/\/orapeniscola.com\/fr\/","name":"Accueil - ORA Pe\u00f1iscola","isPartOf":{"@id":"https:\/\/orapeniscola.com\/fr\/#website"},"datePublished":"2024-06-20T06:48:05+00:00","dateModified":"2024-06-28T07:11:03+00:00","breadcrumb":{"@id":"https:\/\/orapeniscola.com\/fr\/#breadcrumb"},"inLanguage":"fr-FR","potentialAction":[{"@type":"ReadAction","target":["https:\/\/orapeniscola.com\/fr\/"]}]},{"@type":"BreadcrumbList","@id":"https:\/\/orapeniscola.com\/fr\/#breadcrumb","itemListElement":[{"@type":"ListItem","position":1,"name":"Home","item":"https:\/\/orapeniscola.com\/fr\/"},{"@type":"ListItem","position":2,"name":"Accueil"}]},{"@type":"WebSite","@id":"https:\/\/orapeniscola.com\/fr\/#website","url":"https:\/\/orapeniscola.com\/fr\/","name":"ORA Pe\u00f1iscola","description":"","publisher":{"@id":"https:\/\/orapeniscola.com\/fr\/#organization"},"potentialAction":[{"@type":"SearchAction","target":{"@type":"EntryPoint","urlTemplate":"https:\/\/orapeniscola.com\/fr\/?s={search_term_string}"},"query-input":"required name=search_term_string"}],"inLanguage":"fr-FR"},{"@type":"Organization","@id":"https:\/\/orapeniscola.com\/fr\/#organization","name":"ORA Pe\u00f1iscola","url":"https:\/\/orapeniscola.com\/fr\/","logo":{"@type":"ImageObject","inLanguage":"fr-FR","@id":"https:\/\/orapeniscola.com\/fr\/#\/schema\/logo\/image\/","url":"https:\/\/orapeniscola.com\/wp-content\/uploads\/sites\/34\/2024\/06\/cropped-pen\u0303iscola-1-1.png","contentUrl":"https:\/\/orapeniscola.com\/wp-content\/uploads\/sites\/34\/2024\/06\/cropped-pen\u0303iscola-1-1.png","width":110,"height":60,"caption":"ORA Pe\u00f1iscola"},"image":{"@id":"https:\/\/orapeniscola.com\/fr\/#\/schema\/logo\/image\/"}}]}},"meta_box":[],"_links":{"self":[{"href":"https:\/\/orapeniscola.com\/fr\/wp-json\/wp\/v2\/pages\/449"}],"collection":[{"href":"https:\/\/orapeniscola.com\/fr\/wp-json\/wp\/v2\/pages"}],"about":[{"href":"https:\/\/orapeniscola.com\/fr\/wp-json\/wp\/v2\/types\/page"}],"author":[{"embeddable":true,"href":"https:\/\/orapeniscola.com\/fr\/wp-json\/wp\/v2\/users\/3"}],"replies":[{"embeddable":true,"href":"https:\/\/orapeniscola.com\/fr\/wp-json\/wp\/v2\/comments?post=449"}],"version-history":[{"count":3,"href":"https:\/\/orapeniscola.com\/fr\/wp-json\/wp\/v2\/pages\/449\/revisions"}],"predecessor-version":[{"id":748,"href":"https:\/\/orapeniscola.com\/fr\/wp-json\/wp\/v2\/pages\/449\/revisions\/748"}],"wp:attachment":[{"href":"https:\/\/orapeniscola.com\/fr\/wp-json\/wp\/v2\/media?parent=449"}],"curies":[{"name":"wp","href":"https:\/\/api.w.org\/{rel}","templated":true}]}}