{"id":436,"date":"2024-06-20T08:37:45","date_gmt":"2024-06-20T06:37:45","guid":{"rendered":"https:\/\/orapeniscola.com\/horaires-et-tarifs\/"},"modified":"2026-04-15T13:25:42","modified_gmt":"2026-04-15T11:25:42","slug":"horaires-et-tarifs","status":"publish","type":"page","link":"https:\/\/orapeniscola.com\/fr\/horaires-et-tarifs\/","title":{"rendered":"Horaires et tarifs"},"content":{"rendered":"\n<section class=\"tpk-hero tpk-hero--products                lower\"\n         style=\"\">\n                        <picture >\n\n                    <source srcset=\"https:\/\/orapeniscola.com\/wp-content\/uploads\/sites\/34\/2024\/06\/Barakaldo-Schedule-and-Rates-480x300.webp\" media=\"((min-width: 0rem) and (max-width: 30rem))\">\n                             <source srcset=\"https:\/\/orapeniscola.com\/wp-content\/uploads\/sites\/34\/2024\/06\/Barakaldo-Schedule-and-Rates-1024x300.webp\" media=\"(min-width: 30rem) and (max-width: 64rem)\" >\n                            <source srcset=\"https:\/\/orapeniscola.com\/wp-content\/uploads\/sites\/34\/2024\/06\/Barakaldo-Schedule-and-Rates.webp\" media=\"(min-width: 64rem)\" >\n        \n        \n                                                                                                        \n        <img src=\"https:\/\/orapeniscola.com\/wp-content\/uploads\/sites\/34\/2024\/06\/Barakaldo-Schedule-and-Rates.webp\" alt=\"\"  width=\"1140\" height=\"300\"  loading=\"eager\">\n    <\/picture>\n\n    \n        <div class=\"tpk-hero__content wrapper row\">\n                    <div class=\"col-xs-12 col-sm-12 pr-h pl-h\">\n                                <header class=\"tpk-head  wrapper\">\n        <h1 class=\"tpk-head__title\">Horaires et tarifs<\/h1>    <\/header>\n            \n                    <\/div>\n    <\/div>\n            <div class=\"tpk-hero__cards row wrapper\">\n                                                                                        <div class=\"col-xs-12 col-sm-12 col-md-4 mb-1 pl-h pr-h\">\n                                                                    <\/div>\n                    <\/div>\n    <\/section>\n<div class=\"tpk-spinner__wrapper\">\n    <div class=\"tpk-spinner\"><\/div>\n<\/div>\n\n<article class=\"tpk-page\">\n    <div class=\"row wrapper center-xs tpk-page__content\">\n        <div class=\"col-xs-12 col-sm-10 col-md-8 pt-4 pb-4\">\n            <blockquote>\n<h2>Tarifs<\/h2>\n<\/blockquote>\n<h3>Tarif r\u00e9gulier pour toutes les zones<\/h3>\n<ul>\n<li>Min 15 min &gt;&gt; <strong>0,60\u20ac<\/strong><\/li>\n<li>1h &gt;&gt; <strong>2,00\u20ac<\/strong><\/li>\n<li>2h &gt;&gt; <strong>4,00\u20ac<\/strong><\/li>\n<li>3h &gt;&gt; <strong>4,70\u20ac<\/strong><\/li>\n<li>4h &gt;&gt; <strong>4,90\u20ac<\/strong><\/li>\n<li>5h &gt;&gt; <strong>5,10\u20ac<\/strong><\/li>\n<li>6h &gt;&gt; <strong>5,30\u20ac<\/strong><\/li>\n<li>7h &gt;&gt; <strong>5,50\u20ac<\/strong><\/li>\n<li>8h &gt;&gt; <strong>5,70\u20ac<\/strong><\/li>\n<li>9h &gt;&gt; <strong>5,90\u20ac<\/strong><\/li>\n<li>10h &gt;&gt; <strong>6,10\u20ac<\/strong><\/li>\n<li>11h &gt;&gt; <strong>6,30\u20ac<\/strong><\/li>\n<li>12h &gt;&gt; <strong>6,50\u20ac<\/strong><\/li>\n<\/ul>\n<p>R\u00e9duction de 50% pour les v\u00e9hicules ECO et z\u00e9ro \u00e9mission avec une vignette environnementale.<\/p>\n<p>Pour plus d'informations sur le tarif normal, vous pouvez consulter la mise en \u0153uvre automatique des avantages tarifaires sur la base officielle de la DGT <a href=\"http:\/\/orapeniscola.com\/wp-content\/uploads\/sites\/34\/2025\/06\/Texto_definitivo_DGT_para_la_web_frances.pdf\" target=\"_blank\" rel=\"noopener\">ici<\/a>.<\/p>\n<h3>Tarif abonnement<\/h3>\n<p>Achat d'abonnements uniquement avec Telpark, dans des parcm\u00e8tres sp\u00e9cifiques ou au bureau d'attention. Non valable pour les espaces verts.<\/p>\n<p>Les abonnements sont valables uniquement pour la zone dans laquelle ils sont achet\u00e9s. En cas de changement de zone, il sera n\u00e9cessaire d\u2019acheter un abonnement suppl\u00e9mentaire pour l\u2019autre zone ou de payer le stationnement en rotation.<\/p>\n<p>Veuillez noter que la zone peut \u00eatre soumise \u00e0 des restrictions suppl\u00e9mentaires (march\u00e9, \u00e9coparc mobile, limitations temporaires) et que les abonnements sont un produit pr\u00e9pay\u00e9, non remboursable. Veuillez consulter la signalisation ou vous adresser \u00e0 notre personnel.<\/p>\n<p><strong>Voitures de tourisme<\/strong><\/p>\n<ul>\n<li>7 jours <strong>35\u20ac<\/strong><\/li>\n<li>15 jours <strong>65 \u20ac<\/strong><\/li>\n<li>30 jours <strong>115 \u20ac<\/strong><\/li>\n<\/ul>\n<p><strong>Bus ou industriel<\/strong><\/p>\n<p>Abonnements pour v\u00e9hicules industriels uniquement disponibles au bureau, en fournissant la documentation justificative n\u00e9cessaire (re\u00e7u IAE, re\u00e7u taxe de circulation, facture entreprise Pe\u00f1\u00edscola, photos du v\u00e9hicule s\u00e9rigraphi\u00e9). Pour en savoir plus, vous pouvez le consulter sur <a href=\"https:\/\/www.peniscola.org\/ver\/16227\/ZONA-ORA-2025---Tarifas-y-abonos.html\">le site web du conseil municipal<\/a>.<\/p>\n<ul>\n<li>30 jours <strong>20 \u20ac<\/strong><\/li>\n<\/ul>\n<blockquote>\n<h2>Horaires<\/h2>\n<\/blockquote>\n<ul>\n<li><strong>Zones orange : <\/strong>Zones de stationnement limit\u00e9es pour toute l'ann\u00e9e.<\/li>\n<li><strong>Espaces verts : <\/strong>Zones de stationnement limit\u00e9es \u00e0 2 heures. Selon les zones, les dates de d\u00e9but sont le 1er mai ou le 1er juinc <em data-start=\"127\" data-end=\"146\">et pendant P\u00e2ques<\/em><\/li>\n<li><strong>Zones bleues : <\/strong>Zones de stationnement limit\u00e9es pour certains mois de l'ann\u00e9e. Selon les zones, les dates de d\u00e9but sont le 1er mai ou le 1er juin.\u00a0<\/li>\n<\/ul>\n<h3>Horaire zone bleue<\/h3>\n<h4>Zones bleues commen\u00e7ant le mois de mai<\/h4>\n<ul>\n<li><strong>ZONE BLEUE C. MOULIN<\/strong>\n<ul>\n<li>Tous les jours de la semaine<\/li>\n<li>Pendant <em data-start=\"127\" data-end=\"146\">P\u00e2ques e d<\/em>u 1er mai au 31 octobre<\/li>\n<li>De 10h00 \u00e0 18h00<\/li>\n<\/ul>\n<\/li>\n<li><strong>ZONE BLEUE CENTRE<\/strong>\n<ul>\n<li>Tous les jours de la semaine<\/li>\n<li>Pl. de la Llonja, C. Laureano Gil, C. Marcelino Roca, C. Llevant, Pl. Saragosse, Av. d'Akra Leuke, C. de l'Ullal de l'Estany, C. P\u00eacheurs, C. Rio, Pl. Constituci\u00f3n, p\u00e0rquing Llauradors, C. del Rei Llop, C. de l'Hort, C. d'Irta, Ctra. de l'Estaci\u00f3, C. del Mestre Bayarri et p\u00e0rquing Llandells (en face du Palau de Congressos), Av. Pigmalion (tron\u00e7on adjacent au parking de Mestre Bayarri)<\/li>\n<li>Du 1er au 31 mai et du 21 septembre au 31 octobre\n<ul>\n<li>De 10.00h \u00e0 14.00h et de 17.00h \u00e0 21.00h<\/li>\n<\/ul>\n<\/li>\n<li>Pendant <em data-start=\"127\" data-end=\"146\">P\u00e2ques e d<\/em>u 1er juin au 20 septembre\n<ul>\n<li>De 10h00 \u00e0 22h00<\/li>\n<\/ul>\n<\/li>\n<\/ul>\n<\/li>\n<\/ul>\n<h4>Zones bleues commen\u00e7ant en juin<\/h4>\n<ul>\n<li><strong>ZONE BLEUE PLA\u00c7A DE BOUS<\/strong>\n<ul>\n<li>Tous les jours de la semaine<\/li>\n<li>Du 1er juin au 31 ao\u00fbt<\/li>\n<li>De 10h00 \u00e0 18h00<\/li>\n<\/ul>\n<\/li>\n<li><strong>ZONE BLEUE \u00c9T\u00c9 (PAPA LUNA, PE\u00d1ISMAR ET LLANDELLS)<\/strong>\n<ul>\n<li>Av. del Papa Luna jusqu'\u00e0 l'h\u00f4tel Felipe II, C. de Conca, C. de Barcelone, Av. de Navarra, Av. de Val\u00e8ncia, Av. de Catalunya, C. d'Osca, C. d'Antonio Pascual, C. del Mestre Roca, C. Vilanova d'Aviny\u00f3, Ctra. de l'Estaci\u00f3, C. de Garb\u00ed, C. del Maestrat, C. de Llandells (zone bleue), Av. de Pigmali\u00f3n, C. dels Llauradors, Pl. de Sant Isidre, C. de Sant Antoni, C. de Blasco Ib\u00e1\u00f1ez, C. de M\u00farcia, C. de Madrid, C. de la Mercera, C. de les Marjals, C. del Puntarr\u00f3, C. de Marret, C. de Gregal, C. de Xaloc, C. de Migjorn, C. de Cer\u00e7, C. de Ponent, C. de Mestral et C. de Llebeig<\/li>\n<li>Tous les jours de la semaine<\/li>\n<li>Pendant <em data-start=\"127\" data-end=\"146\">P\u00e2ques e d<\/em>u 1er juin au 31 ao\u00fbt\n<ul>\n<li>De 10h00 \u00e0 22h00<\/li>\n<\/ul>\n<\/li>\n<li>Du 1er au 30 septembre\n<ul>\n<li>De 10.00h \u00e0 14.00h et de 17.00h \u00e0 21.00h<\/li>\n<\/ul>\n<\/li>\n<\/ul>\n<\/li>\n<\/ul>\n<h3>Horaire zone verte<\/h3>\n<ul>\n<li><strong>ZONE VERTE AV. DE LA MER<\/strong>\n<ul>\n<li>Tous les jours de la semaine<\/li>\n<li>\u00a0Pendant <em data-start=\"127\" data-end=\"146\">P\u00e2ques e d<\/em>u 1er mai au 31 octobre\n<ul>\n<li>De 10h00 \u00e0 18h00<\/li>\n<\/ul>\n<\/li>\n<\/ul>\n<\/li>\n<\/ul>\n<ul>\n<li><strong>ZONE VERTE LLANDELLS (SAC)<\/strong>\n<ul>\n<li>Tous les jours de la semaine\n<ul>\n<li>Pendant <em data-start=\"127\" data-end=\"146\">P\u00e2ques e d<\/em>u 1er juin au 31 ao\u00fbt<\/li>\n<\/ul>\n<\/li>\n<li>De 10h00 \u00e0 22h00\n<ul>\n<li>Du 1er au 30 septembre<\/li>\n<\/ul>\n<\/li>\n<li>De 10.00h \u00e0 14.00h et de 17.00h \u00e0 21.00h<\/li>\n<\/ul>\n<\/li>\n<\/ul>\n<h3>Horaire zone orange<\/h3>\n<p>Zones de stationnement limit\u00e9es pour toute l'ann\u00e9e<\/p>\n<ul>\n<li><strong>ZONE ORANGE CENTRE D'\u00c9TUDES<\/strong>\n<ul>\n<li>Mois d\u00b4<em data-start=\"139\" data-end=\"165\">janvier, f\u00e9vrier et mars, <\/em>avril, mai, du 21 au 30 septembre, octobre, novembre et d\u00e9cembre:\n<ul>\n<li>De 10.00h \u00e0 14.00h et de 17.00h \u00e0 21.00h<\/li>\n<\/ul>\n<\/li>\n<li>Pendant <em data-start=\"127\" data-end=\"146\">P\u00e2ques e m<\/em>ois de juin, juillet, ao\u00fbt et septembre\n<ul>\n<li>De 10h00 \u00e0 22h00<\/li>\n<\/ul>\n<\/li>\n<\/ul>\n<\/li>\n<\/ul>\n<p>Cette zone devra \u00eatre exempte de v\u00e9hicules les lundis non f\u00e9ri\u00e9s, de 6h00 \u00e0 17h00 pour l'installation du march\u00e9<\/p>\n<ul>\n<li><strong>ZONE ORANGE ESPLAN\u00c9E DU PORT<\/strong>\n<ul>\n<li>Mois d\u00b4<em data-start=\"139\" data-end=\"165\">janvier, f\u00e9vrier et mars, <\/em>avril, mai, du 21 au 30 septembre, octobre, novembre et d\u00e9cembre :\n<ul>\n<li>De 10.00h \u00e0 14.00h et de 17.00h \u00e0 21.00h<\/li>\n<\/ul>\n<\/li>\n<li>Pendant <em data-start=\"127\" data-end=\"146\">P\u00e2ques e m<\/em>ois de juin, juillet et ao\u00fbt :\n<ul>\n<li>De 10h00 \u00e0 22h00<\/li>\n<\/ul>\n<\/li>\n<\/ul>\n<\/li>\n<\/ul>\n<p>La p\u00e9riode de P\u00e2ques correspond \u00e0 une p\u00e9riode de 17 jours allant du samedi pr\u00e9c\u00e9dant le Dimanche des Rameaux jusqu\u2019au jour de la Saint-Vincent, inclus.<br \/>Les dates pr\u00e9vues cette ann\u00e9e sont :<\/p>\n<ul>\n<li>Du 28\/03\/2026 au 13\/04\/2026<\/li>\n<\/ul>\n<blockquote>\n<h2>Annulation de la d\u00e9nonciation<\/h2>\n<\/blockquote>\n<ul>\n<li>Co\u00fbt maximum 6,50\u20ac.<\/li>\n<\/ul>\n\n        <\/div>\n    <\/div>\n<\/article>\n\n\n<section\n        class=\"tpk-banner-cta tpk-banner-cta--background   \"\n        style=\" --bg-picture: url('https:\/\/orapeniscola.com\/wp-content\/uploads\/sites\/34\/2024\/06\/banner.webp'); \">\n    <div class=\"tpk-banner-cta__content row wrapper middle-xs \">\n                                <div class=\"col-xs-12 col-md-6 tpk-banner-cta__content__text  \">\n                                                <header class=\"tpk-head  wrapper\">\n    <p class=\"tpk-head__caption\">V\u00e9rifier les zones de stationnement r\u00e9glement\u00e9es<\/p>    <h2 class=\"tpk-head__title\">Carte g\u00e9n\u00e9rale de Pe\u00f1\u00edscola<\/h2>    <\/header>                                    <div class=\"tpk-banner-cta__buttons\">\n                                                                                <a  class=\"tpk-button tpk-button--primary tpk-button--lg \" href=\"https:\/\/orapeniscola.com\/fr\/planos\/\"    target=\"_blank\" >\n    <span>Voir <\/span>\n    <\/a>                                            <\/div>\n                            <\/div>\n        <\/div>\n<\/section>\n\n\n<section\n        class=\"tpk-banner-cta tpk-banner-cta--background   \"\n        style=\"\">\n    <div class=\"tpk-banner-cta__content row wrapper middle-xs \">\n                <div class=\"col-xs-12 col-sm-6 tpk-banner-cta__content__picture\">\n                                                        <picture >\n\n                    <source srcset=\"https:\/\/orapeniscola.com\/wp-content\/uploads\/sites\/34\/2024\/06\/Horarios-y-tarifas-375x500.jpg\" media=\"((min-width: 0rem) and (max-width: 30rem))\">\n                             <source srcset=\"https:\/\/orapeniscola.com\/wp-content\/uploads\/sites\/34\/2024\/06\/Horarios-y-tarifas-520x520.jpg\" media=\"(min-width: 30rem) and (max-width: 64rem)\" >\n                            <source srcset=\"https:\/\/orapeniscola.com\/wp-content\/uploads\/sites\/34\/2024\/06\/Horarios-y-tarifas.jpg\" media=\"(min-width: 64rem)\" >\n        \n        \n                                                                                                        \n        <img src=\"https:\/\/orapeniscola.com\/wp-content\/uploads\/sites\/34\/2024\/06\/Horarios-y-tarifas.jpg\" alt=\"\"  width=\"623\" height=\"800\"  loading=\"lazy\" >\n    <\/picture>\n\n        <\/div>\n        <div class=\"col-xs-12 col-sm-6 tpk-banner-cta__content__text  align-left \">\n                                                        <header class=\"tpk-head  wrapper\">\n    <p class=\"tpk-head__caption\">Consultation<\/p>    <h2 class=\"tpk-head__title\">Horaires et tarifs<\/h2>    <\/header>                                    <div class=\"tpk-banner-cta__buttons\">\n                                                                                <a  class=\"tpk-button tpk-button--primary tpk-button--lg \" href=\"https:\/\/orapeniscola.com\/fr\/horarios-y-tarifas\/\"    >\n    <span>Voir les informations<\/span>\n    <\/a>                                            <\/div>\n                            <\/div>\n        <\/div>\n<\/section>\n\n<article class=\"tpk-page\">\n    <div class=\"row wrapper center-xs tpk-page__content\">\n        <div class=\"col-xs-12 col-sm-10 col-md-8 pt-4 pb-4\">\n            <h2>Questions fr\u00e9quemment pos\u00e9es<\/h2>\n<blockquote>\n<p>Si vous avez des questions, n'h\u00e9sitez pas \u00e0 consulter notre F.A.Q. (FAQ) o\u00f9 vous trouverez les questions pos\u00e9es par la plupart des utilisateurs.<\/p>\n<p><a href=\"https:\/\/orapeniscola.com\/fr\/faqs\/\">VOIR LES QUESTIONS FR\u00c9QUEMMENT POS\u00c9ES<\/a><\/p>\n<\/blockquote>\n\n        <\/div>\n    <\/div>\n<\/article>\n\n\n<section class=\"tpk-banner-app \">\n    <div class=\"row wrapper middle-xs\">\n        <div class=\"col-xs-12 col-sm-6 col-no-gutter tpk-banner-app__picture\">\n                                                <picture class=\"hide-xs show-sm\">\n\n                             <source srcset=\"https:\/\/orapeniscola.com\/wp-content\/uploads\/sites\/34\/2024\/06\/Web_bloqueORA_Mesa-de-trabajo-1-488x534.webp\" media=\"(min-width: 30rem) and (max-width: 64rem)\" >\n                            <source srcset=\"https:\/\/orapeniscola.com\/wp-content\/uploads\/sites\/34\/2024\/06\/Web_bloqueORA_Mesa-de-trabajo-1.webp\" media=\"(min-width: 64rem)\" >\n        \n        \n                                                                                                        \n        <img src=\"https:\/\/orapeniscola.com\/wp-content\/uploads\/sites\/34\/2024\/06\/Web_bloqueORA_Mesa-de-trabajo-1.webp\" alt=\"\"  width=\"600\" height=\"600\"  loading=\"lazy\" >\n    <\/picture>\n\n                                <\/div>\n        <div class=\"col-xs-12 col-sm-6 tpk-banner-app__content\">\n                        <header class=\"tpk-head  wrapper\">\n    <p class=\"tpk-head__caption\">Se garer et continuer<\/p>    <h2 class=\"tpk-head__title\">Scannez le code avec votre mobile pour t\u00e9l\u00e9charger l'application<\/h2>    <\/header>\n                        <div class=\"tpk-banner-app__buttons\">\n                                                                                                                    \n    <a href=\"https:\/\/play.google.com\/store\/apps\/details?id=com.delaware.empark\" class=\"tpk-button tpk-button--app dark\" target=\"_blank\">\n        <svg width=\"23\" height=\"26\" viewBox=\"0 0 23 26\" fill=\"none\" xmlns=\"http:\/\/www.w3.org\/2000\/svg\">\n            <path fill-rule=\"evenodd\" clip-rule=\"evenodd\" d=\"M0.862422 0.87988C0.581172 1.18175 0.419922 1.64675 0.419922 2.25113V23.7411C0.419922 24.3455 0.581172 24.8105 0.873047 25.1018L0.949297 25.1661L12.9905 13.1249V12.8543L0.938672 0.815505L0.862422 0.87988Z\" fill=\"url(#paint0_linear_9_9)\"\/>\n            <path fill-rule=\"evenodd\" clip-rule=\"evenodd\" d=\"M16.9962 17.1543L12.98 13.1368V12.8556L16.9975 8.83807L17.0843 8.89182L21.8362 11.5924C23.1968 12.3593 23.1968 13.6231 21.8362 14.4006L17.0843 17.1012L16.9962 17.1543Z\" fill=\"url(#paint1_linear_9_9)\"\/>\n            <path fill-rule=\"evenodd\" clip-rule=\"evenodd\" d=\"M17.083 17.1005L12.9799 12.9961L0.862371 25.1136C1.30487 25.5892 2.04987 25.643 2.88237 25.178L17.083 17.1005Z\" fill=\"url(#paint2_linear_9_9)\"\/>\n            <path fill-rule=\"evenodd\" clip-rule=\"evenodd\" d=\"M17.083 8.89304L2.88237 0.82616C2.05112 0.350535 1.30487 0.41491 0.862371 0.890535L12.9786 12.9962L17.083 8.89304Z\" fill=\"url(#paint3_linear_9_9)\"\/>\n            <defs>\n            <linearGradient id=\"paint0_linear_9_9\" x1=\"35.6607\" y1=\"-6.74995\" x2=\"-5.23028\" y2=\"12.2052\" gradientUnits=\"userSpaceOnUse\">\n            <stop stop-color=\"#047ED6\"\/>\n            <stop offset=\"1\" stop-color=\"#50E6FF\"\/>\n            <\/linearGradient>\n            <linearGradient id=\"paint1_linear_9_9\" x1=\"24.5643\" y1=\"12.9971\" x2=\"-6.03917\" y2=\"12.9971\" gradientUnits=\"userSpaceOnUse\">\n            <stop stop-color=\"#FFDA1C\"\/>\n            <stop offset=\"1\" stop-color=\"#FEB705\"\/>\n            <\/linearGradient>\n            <linearGradient id=\"paint2_linear_9_9\" x1=\"19.7657\" y1=\"4.95934\" x2=\"-15.0772\" y2=\"45.5368\" gradientUnits=\"userSpaceOnUse\">\n            <stop stop-color=\"#D9414F\"\/>\n            <stop offset=\"1\" stop-color=\"#8C193F\"\/>\n            <\/linearGradient>\n            <linearGradient id=\"paint3_linear_9_9\" x1=\"-2.18997\" y1=\"-6.27096\" x2=\"4.71665\" y2=\"5.36978\" gradientUnits=\"userSpaceOnUse\">\n            <stop stop-color=\"#33C481\"\/>\n            <stop offset=\"1\" stop-color=\"#61E3A7\"\/>\n            <\/linearGradient>\n            <\/defs>\n            <\/svg>\n        <div>\n            <span>Disponible en<\/span>\n            Google Play\n        <\/div>\n    <\/a>\n                                                                                                                                                                                <a href=\"https:\/\/apps.apple.com\/es\/app\/telpark\/id658204860\" class=\"tpk-button tpk-button--app dark\" target=\"_blank\">\n        <svg width=\"25\" height=\"30\" viewBox=\"0 0 25 30\" fill=\"none\" xmlns=\"http:\/\/www.w3.org\/2000\/svg\">\n            <path d=\"M23.643 10.227C23.469 10.362 20.397 12.093 20.397 15.942C20.397 20.394 24.306 21.969 24.423 22.008C24.405 22.104 23.802 24.165 22.362 26.265C21.078 28.113 19.737 29.958 17.697 29.958C15.657 29.958 15.132 28.773 12.777 28.773C10.482 28.773 9.666 29.997 7.8 29.997C5.934 29.997 4.632 28.287 3.135 26.187C1.401 23.721 0 19.89 0 16.254C0 10.422 3.792 7.329 7.524 7.329C9.507 7.329 11.16 8.631 12.405 8.631C13.59 8.631 15.438 7.251 17.694 7.251C18.549 7.251 21.621 7.329 23.643 10.227V10.227ZM16.623 4.782C17.556 3.675 18.216 2.139 18.216 0.603C18.216 0.39 18.198 0.174 18.159 0C16.641 0.057 14.835 1.011 13.746 2.274C12.891 3.246 12.093 4.782 12.093 6.339C12.093 6.573 12.132 6.807 12.15 6.882C12.246 6.9 12.402 6.921 12.558 6.921C13.92 6.921 15.633 6.009 16.623 4.782Z\" fill=\"white\"\/>\n        <\/svg>\n        <div>\n            <span>Disponible en<\/span>\n            Apple Store\n        <\/div>\n    <\/a>\n\n                                                                        <\/div>\n        <\/div>\n    <\/div>\n<\/section>\n","protected":false},"excerpt":{"rendered":"","protected":false},"author":3,"featured_media":0,"parent":0,"menu_order":0,"comment_status":"closed","ping_status":"closed","template":"","meta":[],"yoast_head":"<!-- This site is optimized with the Yoast SEO plugin v20.12 - https:\/\/yoast.com\/wordpress\/plugins\/seo\/ -->\n<title>Horaires et tarifs - ORA Pe\u00f1iscola<\/title>\n<meta name=\"robots\" content=\"index, follow, max-snippet:-1, max-image-preview:large, max-video-preview:-1\" \/>\n<link rel=\"canonical\" href=\"https:\/\/orapeniscola.com\/fr\/horaires-et-tarifs\/\" \/>\n<meta property=\"og:locale\" content=\"fr_FR\" \/>\n<meta property=\"og:type\" content=\"article\" \/>\n<meta property=\"og:title\" content=\"Horaires et tarifs - ORA Pe\u00f1iscola\" \/>\n<meta property=\"og:url\" content=\"https:\/\/orapeniscola.com\/fr\/horaires-et-tarifs\/\" \/>\n<meta property=\"og:site_name\" content=\"ORA Pe\u00f1iscola\" \/>\n<meta property=\"article:modified_time\" content=\"2026-04-15T11:25:42+00:00\" \/>\n<meta name=\"twitter:card\" content=\"summary_large_image\" \/>\n<script type=\"application\/ld+json\" class=\"yoast-schema-graph\">{\"@context\":\"https:\/\/schema.org\",\"@graph\":[{\"@type\":\"WebPage\",\"@id\":\"https:\/\/orapeniscola.com\/fr\/horaires-et-tarifs\/\",\"url\":\"https:\/\/orapeniscola.com\/fr\/horaires-et-tarifs\/\",\"name\":\"Horaires et tarifs - ORA Pe\u00f1iscola\",\"isPartOf\":{\"@id\":\"https:\/\/orapeniscola.com\/fr\/#website\"},\"datePublished\":\"2024-06-20T06:37:45+00:00\",\"dateModified\":\"2026-04-15T11:25:42+00:00\",\"breadcrumb\":{\"@id\":\"https:\/\/orapeniscola.com\/fr\/horaires-et-tarifs\/#breadcrumb\"},\"inLanguage\":\"fr-FR\",\"potentialAction\":[{\"@type\":\"ReadAction\",\"target\":[\"https:\/\/orapeniscola.com\/fr\/horaires-et-tarifs\/\"]}]},{\"@type\":\"BreadcrumbList\",\"@id\":\"https:\/\/orapeniscola.com\/fr\/horaires-et-tarifs\/#breadcrumb\",\"itemListElement\":[{\"@type\":\"ListItem\",\"position\":1,\"name\":\"Home\",\"item\":\"https:\/\/orapeniscola.com\/fr\/\"},{\"@type\":\"ListItem\",\"position\":2,\"name\":\"Horaires et tarifs\"}]},{\"@type\":\"WebSite\",\"@id\":\"https:\/\/orapeniscola.com\/fr\/#website\",\"url\":\"https:\/\/orapeniscola.com\/fr\/\",\"name\":\"ORA Pe\u00f1iscola\",\"description\":\"\",\"publisher\":{\"@id\":\"https:\/\/orapeniscola.com\/fr\/#organization\"},\"potentialAction\":[{\"@type\":\"SearchAction\",\"target\":{\"@type\":\"EntryPoint\",\"urlTemplate\":\"https:\/\/orapeniscola.com\/fr\/?s={search_term_string}\"},\"query-input\":\"required name=search_term_string\"}],\"inLanguage\":\"fr-FR\"},{\"@type\":\"Organization\",\"@id\":\"https:\/\/orapeniscola.com\/fr\/#organization\",\"name\":\"ORA Pe\u00f1iscola\",\"url\":\"https:\/\/orapeniscola.com\/fr\/\",\"logo\":{\"@type\":\"ImageObject\",\"inLanguage\":\"fr-FR\",\"@id\":\"https:\/\/orapeniscola.com\/fr\/#\/schema\/logo\/image\/\",\"url\":\"https:\/\/orapeniscola.com\/wp-content\/uploads\/sites\/34\/2024\/06\/cropped-pen\u0303iscola-1-1.png\",\"contentUrl\":\"https:\/\/orapeniscola.com\/wp-content\/uploads\/sites\/34\/2024\/06\/cropped-pen\u0303iscola-1-1.png\",\"width\":110,\"height\":60,\"caption\":\"ORA Pe\u00f1iscola\"},\"image\":{\"@id\":\"https:\/\/orapeniscola.com\/fr\/#\/schema\/logo\/image\/\"}}]}<\/script>\n<!-- \/ Yoast SEO plugin. -->","yoast_head_json":{"title":"Horaires et tarifs - ORA Pe\u00f1iscola","robots":{"index":"index","follow":"follow","max-snippet":"max-snippet:-1","max-image-preview":"max-image-preview:large","max-video-preview":"max-video-preview:-1"},"canonical":"https:\/\/orapeniscola.com\/fr\/horaires-et-tarifs\/","og_locale":"fr_FR","og_type":"article","og_title":"Horaires et tarifs - ORA Pe\u00f1iscola","og_url":"https:\/\/orapeniscola.com\/fr\/horaires-et-tarifs\/","og_site_name":"ORA Pe\u00f1iscola","article_modified_time":"2026-04-15T11:25:42+00:00","twitter_card":"summary_large_image","schema":{"@context":"https:\/\/schema.org","@graph":[{"@type":"WebPage","@id":"https:\/\/orapeniscola.com\/fr\/horaires-et-tarifs\/","url":"https:\/\/orapeniscola.com\/fr\/horaires-et-tarifs\/","name":"Horaires et tarifs - ORA Pe\u00f1iscola","isPartOf":{"@id":"https:\/\/orapeniscola.com\/fr\/#website"},"datePublished":"2024-06-20T06:37:45+00:00","dateModified":"2026-04-15T11:25:42+00:00","breadcrumb":{"@id":"https:\/\/orapeniscola.com\/fr\/horaires-et-tarifs\/#breadcrumb"},"inLanguage":"fr-FR","potentialAction":[{"@type":"ReadAction","target":["https:\/\/orapeniscola.com\/fr\/horaires-et-tarifs\/"]}]},{"@type":"BreadcrumbList","@id":"https:\/\/orapeniscola.com\/fr\/horaires-et-tarifs\/#breadcrumb","itemListElement":[{"@type":"ListItem","position":1,"name":"Home","item":"https:\/\/orapeniscola.com\/fr\/"},{"@type":"ListItem","position":2,"name":"Horaires et tarifs"}]},{"@type":"WebSite","@id":"https:\/\/orapeniscola.com\/fr\/#website","url":"https:\/\/orapeniscola.com\/fr\/","name":"ORA Pe\u00f1iscola","description":"","publisher":{"@id":"https:\/\/orapeniscola.com\/fr\/#organization"},"potentialAction":[{"@type":"SearchAction","target":{"@type":"EntryPoint","urlTemplate":"https:\/\/orapeniscola.com\/fr\/?s={search_term_string}"},"query-input":"required name=search_term_string"}],"inLanguage":"fr-FR"},{"@type":"Organization","@id":"https:\/\/orapeniscola.com\/fr\/#organization","name":"ORA Pe\u00f1iscola","url":"https:\/\/orapeniscola.com\/fr\/","logo":{"@type":"ImageObject","inLanguage":"fr-FR","@id":"https:\/\/orapeniscola.com\/fr\/#\/schema\/logo\/image\/","url":"https:\/\/orapeniscola.com\/wp-content\/uploads\/sites\/34\/2024\/06\/cropped-pen\u0303iscola-1-1.png","contentUrl":"https:\/\/orapeniscola.com\/wp-content\/uploads\/sites\/34\/2024\/06\/cropped-pen\u0303iscola-1-1.png","width":110,"height":60,"caption":"ORA Pe\u00f1iscola"},"image":{"@id":"https:\/\/orapeniscola.com\/fr\/#\/schema\/logo\/image\/"}}]}},"meta_box":[],"_links":{"self":[{"href":"https:\/\/orapeniscola.com\/fr\/wp-json\/wp\/v2\/pages\/436"}],"collection":[{"href":"https:\/\/orapeniscola.com\/fr\/wp-json\/wp\/v2\/pages"}],"about":[{"href":"https:\/\/orapeniscola.com\/fr\/wp-json\/wp\/v2\/types\/page"}],"author":[{"embeddable":true,"href":"https:\/\/orapeniscola.com\/fr\/wp-json\/wp\/v2\/users\/3"}],"replies":[{"embeddable":true,"href":"https:\/\/orapeniscola.com\/fr\/wp-json\/wp\/v2\/comments?post=436"}],"version-history":[{"count":4,"href":"https:\/\/orapeniscola.com\/fr\/wp-json\/wp\/v2\/pages\/436\/revisions"}],"predecessor-version":[{"id":985,"href":"https:\/\/orapeniscola.com\/fr\/wp-json\/wp\/v2\/pages\/436\/revisions\/985"}],"wp:attachment":[{"href":"https:\/\/orapeniscola.com\/fr\/wp-json\/wp\/v2\/media?parent=436"}],"curies":[{"name":"wp","href":"https:\/\/api.w.org\/{rel}","templated":true}]}}