{"id":437,"date":"2024-06-20T08:37:45","date_gmt":"2024-06-20T06:37:45","guid":{"rendered":"https:\/\/orapeniscola.com\/schedules-and-rates\/"},"modified":"2026-04-15T13:24:45","modified_gmt":"2026-04-15T11:24:45","slug":"schedules-and-rates","status":"publish","type":"page","link":"https:\/\/orapeniscola.com\/en\/schedules-and-rates\/","title":{"rendered":"Schedules and rates"},"content":{"rendered":"\n<section class=\"tpk-hero tpk-hero--products                lower\"\n         style=\"\">\n                        <picture >\n\n                    <source srcset=\"https:\/\/orapeniscola.com\/wp-content\/uploads\/sites\/34\/2024\/06\/Barakaldo-Schedule-and-Rates-480x300.webp\" media=\"((min-width: 0rem) and (max-width: 30rem))\">\n                             <source srcset=\"https:\/\/orapeniscola.com\/wp-content\/uploads\/sites\/34\/2024\/06\/Barakaldo-Schedule-and-Rates-1024x300.webp\" media=\"(min-width: 30rem) and (max-width: 64rem)\" >\n                            <source srcset=\"https:\/\/orapeniscola.com\/wp-content\/uploads\/sites\/34\/2024\/06\/Barakaldo-Schedule-and-Rates.webp\" media=\"(min-width: 64rem)\" >\n        \n        \n                                                                                                        \n        <img src=\"https:\/\/orapeniscola.com\/wp-content\/uploads\/sites\/34\/2024\/06\/Barakaldo-Schedule-and-Rates.webp\" alt=\"\"  width=\"1140\" height=\"300\"  loading=\"eager\">\n    <\/picture>\n\n    \n        <div class=\"tpk-hero__content wrapper row\">\n                    <div class=\"col-xs-12 col-sm-12 pr-h pl-h\">\n                                <header class=\"tpk-head  wrapper\">\n        <h1 class=\"tpk-head__title\">Schedules and rates<\/h1>    <\/header>\n            \n                    <\/div>\n    <\/div>\n            <div class=\"tpk-hero__cards row wrapper\">\n                                                                                        <div class=\"col-xs-12 col-sm-12 col-md-4 mb-1 pl-h pr-h\">\n                                                                    <\/div>\n                    <\/div>\n    <\/section>\n<div class=\"tpk-spinner__wrapper\">\n    <div class=\"tpk-spinner\"><\/div>\n<\/div>\n\n<article class=\"tpk-page\">\n    <div class=\"row wrapper center-xs tpk-page__content\">\n        <div class=\"col-xs-12 col-sm-10 col-md-8 pt-4 pb-4\">\n            <blockquote>\n<h2>Rates<\/h2>\n<\/blockquote>\n<h3>Regular rate for all zones<\/h3>\n<ul>\n<li>Min 15 min &gt;&gt; <strong>\u20ac0.60<\/strong><\/li>\n<li>1h &gt;&gt; <strong>\u20ac2.00<\/strong><\/li>\n<li>2h &gt;&gt; <strong>\u20ac4.00<\/strong><\/li>\n<li>3h &gt;&gt; <strong>\u20ac4.70<\/strong><\/li>\n<li>4h &gt;&gt; <strong>\u20ac4.90<\/strong><\/li>\n<li>5h &gt;&gt; <strong>\u20ac5.10<\/strong><\/li>\n<li>6h &gt;&gt; <strong>\u20ac5.30<\/strong><\/li>\n<li>7h &gt;&gt; <strong>\u20ac5.50<\/strong><\/li>\n<li>8h &gt;&gt; <strong>\u20ac5.70<\/strong><\/li>\n<li>9h &gt;&gt; <strong>\u20ac5.90<\/strong><\/li>\n<li>10h &gt;&gt; <strong>\u20ac6.10<\/strong><\/li>\n<li>11h &gt;&gt; <strong>\u20ac6.30<\/strong><\/li>\n<li>12h &gt;&gt; <strong>\u20ac6.50<\/strong><\/li>\n<\/ul>\n<p>50% discount for ECO and zero-emission vehicles with an environmental label.<\/p>\n<p>For more information on the regular tariff, you can consult the automatic implementation of tariff benefits according to the official DGT base <a href=\"http:\/\/orapeniscola.com\/wp-content\/uploads\/sites\/34\/2025\/06\/Texto_definitivo_DGT_para_la_web_ingles.pdf\" target=\"_blank\" rel=\"noopener\">here<\/a>.<\/p>\n<h3>Subscription rate<\/h3>\n<p>Purchase of subscriptions only with Telpark, at specific parking meters, or at the service office. Not valid for green zones.<\/p>\n<p>Season passes are only valid for the zone in which they are purchased. If you change zones, you must purchase an additional pass for the other zone or pay the standard pay-and-display parking fee.<\/p>\n<p>Please note that the zone may have additional restrictions (street markets, mobile recycling points, temporary limitations) and that season passes are a prepaid product and non-refundable. Please check the signage or consult our staff.<\/p>\n<p><strong>Passenger cars<\/strong><\/p>\n<ul>\n<li>7 days <strong>\u20ac35<\/strong><\/li>\n<li>15 days <strong>\u20ac65<\/strong><\/li>\n<li>30 days <strong>\u20ac115<\/strong><\/li>\n<\/ul>\n<p><strong>Buses or industrial vehicles<\/strong><\/p>\n<p>Subscriptions for industrial vehicles are only available at the office, providing the necessary supporting documentation (IAE receipt, circulation tax receipt, Pe\u00f1\u00edscola company invoice, photos of the marked vehicle). For more information, you can check it on <a href=\"https:\/\/www.peniscola.org\/ver\/16227\/ZONA-ORA-2025---Tarifas-y-abonos.html\">the city council's website<\/a>.<\/p>\n<ul>\n<li>30 days <strong>\u20ac20<\/strong><\/li>\n<\/ul>\n<blockquote>\n<h2>Schedules<\/h2>\n<\/blockquote>\n<ul>\n<li><strong>Orange zones:<\/strong> Limited parking zones for the entire year.<\/li>\n<li><strong>Green zones:<\/strong> Limited parking zones for 2 hours. Depending on the zones, the start dates are May 1st or June 1st and during Easter<\/li>\n<li><strong>Blue zones:<\/strong> Limited parking zones for some months of the year. Depending on the zones, the start dates are May 1st or June 1st.\u00a0<\/li>\n<\/ul>\n<h3>Blue zone schedule<\/h3>\n<h4>Blue zones starting in May<\/h4>\n<ul>\n<li><strong>BLUE ZONE C. MOLINO<\/strong>\n<ul>\n<li>Every day of the week<\/li>\n<li>During Easter and From May 1st to October 31st\n<ul>\n<li>From 10:00h to 18:00h<\/li>\n<\/ul>\n<\/li>\n<\/ul>\n<\/li>\n<li><strong>BLUE ZONE CENTER<\/strong>\n<ul>\n<li>Every day of the week<\/li>\n<li>Pl. de la Llonja, C. Laureano Gil, C. Marcelino Roca, C. Llevant, Pl. Zaragoza, Av. d'Akra Leuke, C. de l'Ullal de l'Estany, C. Pescadores, C. R\u00edo, Pl. Constituci\u00f3n, parking Llauradors, C. del Rei Llop, C. de l'Hort, C. d'Irta, Ctra. de l'Estaci\u00f3, C. del Mestre Bayarri and parking Llandells (opposite Palau de Congressos)<\/li>\n<li>From May 1st to May 31st and from September 21st to October 31st\n<ul>\n<li>From 10:00h to 14:00h and from 17:00h to 21:00h<\/li>\n<\/ul>\n<\/li>\n<li>During Easter and from June 1st to September 20th\n<ul>\n<li>From 10:00h to 22:00h<\/li>\n<\/ul>\n<\/li>\n<\/ul>\n<\/li>\n<\/ul>\n<h4>Blue zones starting in June<\/h4>\n<ul>\n<li><strong>BLUE ZONE PLA\u00c7A DE BOUS<\/strong>\n<ul>\n<li>Every day of the week<\/li>\n<li>From June 1st to August 31st<\/li>\n<li>From 10:00h to 18:00h<\/li>\n<\/ul>\n<\/li>\n<li><strong>BLUE ZONE SUMMER (PAPA LUNA, PE\u00d1ISMAR AND LLANDELLS)<\/strong>\n<ul>\n<li>Av. del Papa Luna up to the hotel Felipe II, C. de Conca, C. de Barcelona, Av. de Navarra, Av. de Val\u00e8ncia, Av. de Catalunya, C. d'Osca, C. d'Antonio Pascual, C. del Mestre Roca, C. Vilanova d'Aviny\u00f3, Ctra. de l'Estaci\u00f3, C. de Garb\u00ed, C. del Maestrat, C. de Llandells (blue zone), Av. de Pigmali\u00f3n, C. dels Llauradors, Pl. de Sant Isidre, C. de Sant Antoni, C. de Blasco Ib\u00e1\u00f1ez, C. de M\u00farcia, C. de Madrid, C. de la Mercera, C. de les Marjals, C. del Puntarr\u00f3, C. de Marret, C. de Gregal, C. de Xaloc, C. de Migjorn, C. de Cer\u00e7, C. de Ponent, C. de Mestral and C. de Llebeig, Av. Pigmalion (section adjacent to the Mestre Bayarri parking lot)<\/li>\n<li>Every day of the week<\/li>\n<li>During Easter and from June 1st to August 31st\n<ul>\n<li>From 10:00h to 22:00h<\/li>\n<\/ul>\n<\/li>\n<li>From September 1st to September 30th\n<ul>\n<li>From 10:00h to 14:00h and from 17:00h to 21:00h<\/li>\n<\/ul>\n<\/li>\n<\/ul>\n<\/li>\n<\/ul>\n<h3>Green zone schedule<\/h3>\n<ul>\n<li><strong>GREEN ZONE AV. DE LA MAR<\/strong>\n<ul>\n<li>Every day of the week<\/li>\n<li>During Easter and from May 1st to October 31st\n<ul>\n<li>From 10:00h to 18:00h<\/li>\n<\/ul>\n<\/li>\n<\/ul>\n<\/li>\n<li><strong>GREEN ZONE LLANDELLS (SAC)<\/strong>\n<ul>\n<li>Every day of the week\n<ul>\n<li>During Easter and from June 1st to August 31st<\/li>\n<\/ul>\n<\/li>\n<li>From 10:00h to 22:00h\n<ul>\n<li>From September 1st to September 30th<\/li>\n<\/ul>\n<\/li>\n<li>From 10:00h to 14:00h and from 17:00h to 21:00h<\/li>\n<\/ul>\n<\/li>\n<\/ul>\n<h3>Orange zone schedule<\/h3>\n<p>Limited parking zones for the entire year<\/p>\n<ul>\n<li><strong>ORANGE ZONE CENTRO DE ESTUDIOS<\/strong>\n<ul>\n<li>\n<p>January, February and March, April, May, October, November and December:<\/p>\n<ul>\n<li>\n<p>From 10:00h to 14:00h and from 17:00h to 21:00h<\/p>\n<\/li>\n<\/ul>\n<\/li>\n<li>During Easter and June, July, August and September:\n<ul>\n<li>From 10:00h to 22:00h<\/li>\n<\/ul>\n<\/li>\n<\/ul>\n<\/li>\n<\/ul>\n<p>This zone must be free of vehicles on non-holiday Mondays, from 6:00h to 17:00h due to the installation of the Market.<\/p>\n<ul>\n<li><strong>ORANGE ZONE EXPLANADA DEL PUERTO<\/strong>\n<ul>\n<li>January, February and March, April, May, October, November and December:\n<ul>\n<li>From 10:00h to 14:00h and from 17:00h to 21:00h<\/li>\n<\/ul>\n<\/li>\n<li>During Easter and June, July and August:\n<ul>\n<li>From 10:00h to 22:00h<\/li>\n<\/ul>\n<\/li>\n<\/ul>\n<\/li>\n<\/ul>\n<p data-start=\"334\" data-end=\"486\">The Easter period is a 17-day period that runs from the Saturday before Palm Sunday to St Vincent\u2019s Day, both included.<br data-start=\"453\" data-end=\"456\" \/>The dates for this year are:<\/p>\n<ul>\n<li data-start=\"488\" data-end=\"519\">From 28\/03\/2026 to 13\/04\/2026<\/li>\n<\/ul>\n<blockquote>\n<h2>Cancellation of Complaint<\/h2>\n<\/blockquote>\n<ul>\n<li>Maximum cost \u20ac6.50<\/li>\n<\/ul>\n\n        <\/div>\n    <\/div>\n<\/article>\n\n\n<section\n        class=\"tpk-banner-cta tpk-banner-cta--background   \"\n        style=\" --bg-picture: url('https:\/\/orapeniscola.com\/wp-content\/uploads\/sites\/34\/2024\/06\/banner.webp'); \">\n    <div class=\"tpk-banner-cta__content row wrapper middle-xs \">\n                                <div class=\"col-xs-12 col-md-6 tpk-banner-cta__content__text  \">\n                                                <header class=\"tpk-head  wrapper\">\n    <p class=\"tpk-head__caption\">Check the regulated parking zones<\/p>    <h2 class=\"tpk-head__title\">General Map of Pe\u00f1iscola<\/h2>    <\/header>                                    <div class=\"tpk-banner-cta__buttons\">\n                                                                                <a  class=\"tpk-button tpk-button--primary tpk-button--lg \" href=\"https:\/\/peniscola.com\/planos\/\"    target=\"_blank\" >\n    <span>View<\/span>\n    <\/a>                                            <\/div>\n                            <\/div>\n        <\/div>\n<\/section>\n\n<article class=\"tpk-page\">\n    <div class=\"row wrapper center-xs tpk-page__content\">\n        <div class=\"col-xs-12 col-sm-10 col-md-8 pt-4 pb-4\">\n            <h2>Frequently Asked Questions<\/h2>\n<blockquote>\n<p>If you have any questions, do not hesitate to consult our F.A.Q. (FAQs) where you will find the questions asked by most users.<\/p>\n<p><a href=\"https:\/\/orapeniscola.com\/faqs\/\">SEE FREQUENTLY ASKED QUESTIONS<\/a><\/p>\n<\/blockquote>\n\n        <\/div>\n    <\/div>\n<\/article>\n\n\n<section class=\"tpk-banner-app \">\n    <div class=\"row wrapper middle-xs\">\n        <div class=\"col-xs-12 col-sm-6 col-no-gutter tpk-banner-app__picture\">\n                                                <picture class=\"hide-xs show-sm\">\n\n                             <source srcset=\"https:\/\/orapeniscola.com\/wp-content\/uploads\/sites\/34\/2024\/06\/Web_bloqueORA_Mesa-de-trabajo-1-488x534.webp\" media=\"(min-width: 30rem) and (max-width: 64rem)\" >\n                            <source srcset=\"https:\/\/orapeniscola.com\/wp-content\/uploads\/sites\/34\/2024\/06\/Web_bloqueORA_Mesa-de-trabajo-1.webp\" media=\"(min-width: 64rem)\" >\n        \n        \n                                                                                                        \n        <img src=\"https:\/\/orapeniscola.com\/wp-content\/uploads\/sites\/34\/2024\/06\/Web_bloqueORA_Mesa-de-trabajo-1.webp\" alt=\"\"  width=\"600\" height=\"600\"  loading=\"lazy\" >\n    <\/picture>\n\n                                <\/div>\n        <div class=\"col-xs-12 col-sm-6 tpk-banner-app__content\">\n                        <header class=\"tpk-head  wrapper\">\n    <p class=\"tpk-head__caption\">Park and go<\/p>    <h2 class=\"tpk-head__title\">Scan the code with your mobile phone to download the app<\/h2>    <\/header>\n                        <div class=\"tpk-banner-app__buttons\">\n                                                                                                                    \n    <a href=\"https:\/\/play.google.com\/store\/apps\/details?id=com.delaware.empark\" class=\"tpk-button tpk-button--app dark\" target=\"_blank\">\n        <svg width=\"23\" height=\"26\" viewBox=\"0 0 23 26\" fill=\"none\" xmlns=\"http:\/\/www.w3.org\/2000\/svg\">\n            <path fill-rule=\"evenodd\" clip-rule=\"evenodd\" d=\"M0.862422 0.87988C0.581172 1.18175 0.419922 1.64675 0.419922 2.25113V23.7411C0.419922 24.3455 0.581172 24.8105 0.873047 25.1018L0.949297 25.1661L12.9905 13.1249V12.8543L0.938672 0.815505L0.862422 0.87988Z\" fill=\"url(#paint0_linear_9_9)\"\/>\n            <path fill-rule=\"evenodd\" clip-rule=\"evenodd\" d=\"M16.9962 17.1543L12.98 13.1368V12.8556L16.9975 8.83807L17.0843 8.89182L21.8362 11.5924C23.1968 12.3593 23.1968 13.6231 21.8362 14.4006L17.0843 17.1012L16.9962 17.1543Z\" fill=\"url(#paint1_linear_9_9)\"\/>\n            <path fill-rule=\"evenodd\" clip-rule=\"evenodd\" d=\"M17.083 17.1005L12.9799 12.9961L0.862371 25.1136C1.30487 25.5892 2.04987 25.643 2.88237 25.178L17.083 17.1005Z\" fill=\"url(#paint2_linear_9_9)\"\/>\n            <path fill-rule=\"evenodd\" clip-rule=\"evenodd\" d=\"M17.083 8.89304L2.88237 0.82616C2.05112 0.350535 1.30487 0.41491 0.862371 0.890535L12.9786 12.9962L17.083 8.89304Z\" fill=\"url(#paint3_linear_9_9)\"\/>\n            <defs>\n            <linearGradient id=\"paint0_linear_9_9\" x1=\"35.6607\" y1=\"-6.74995\" x2=\"-5.23028\" y2=\"12.2052\" gradientUnits=\"userSpaceOnUse\">\n            <stop stop-color=\"#047ED6\"\/>\n            <stop offset=\"1\" stop-color=\"#50E6FF\"\/>\n            <\/linearGradient>\n            <linearGradient id=\"paint1_linear_9_9\" x1=\"24.5643\" y1=\"12.9971\" x2=\"-6.03917\" y2=\"12.9971\" gradientUnits=\"userSpaceOnUse\">\n            <stop stop-color=\"#FFDA1C\"\/>\n            <stop offset=\"1\" stop-color=\"#FEB705\"\/>\n            <\/linearGradient>\n            <linearGradient id=\"paint2_linear_9_9\" x1=\"19.7657\" y1=\"4.95934\" x2=\"-15.0772\" y2=\"45.5368\" gradientUnits=\"userSpaceOnUse\">\n            <stop stop-color=\"#D9414F\"\/>\n            <stop offset=\"1\" stop-color=\"#8C193F\"\/>\n            <\/linearGradient>\n            <linearGradient id=\"paint3_linear_9_9\" x1=\"-2.18997\" y1=\"-6.27096\" x2=\"4.71665\" y2=\"5.36978\" gradientUnits=\"userSpaceOnUse\">\n            <stop stop-color=\"#33C481\"\/>\n            <stop offset=\"1\" stop-color=\"#61E3A7\"\/>\n            <\/linearGradient>\n            <\/defs>\n            <\/svg>\n        <div>\n            <span>Disponible en<\/span>\n            Google Play\n        <\/div>\n    <\/a>\n                                                                                                                                                                                <a href=\"https:\/\/apps.apple.com\/es\/app\/telpark\/id658204860\" class=\"tpk-button tpk-button--app dark\" target=\"_blank\">\n        <svg width=\"25\" height=\"30\" viewBox=\"0 0 25 30\" fill=\"none\" xmlns=\"http:\/\/www.w3.org\/2000\/svg\">\n            <path d=\"M23.643 10.227C23.469 10.362 20.397 12.093 20.397 15.942C20.397 20.394 24.306 21.969 24.423 22.008C24.405 22.104 23.802 24.165 22.362 26.265C21.078 28.113 19.737 29.958 17.697 29.958C15.657 29.958 15.132 28.773 12.777 28.773C10.482 28.773 9.666 29.997 7.8 29.997C5.934 29.997 4.632 28.287 3.135 26.187C1.401 23.721 0 19.89 0 16.254C0 10.422 3.792 7.329 7.524 7.329C9.507 7.329 11.16 8.631 12.405 8.631C13.59 8.631 15.438 7.251 17.694 7.251C18.549 7.251 21.621 7.329 23.643 10.227V10.227ZM16.623 4.782C17.556 3.675 18.216 2.139 18.216 0.603C18.216 0.39 18.198 0.174 18.159 0C16.641 0.057 14.835 1.011 13.746 2.274C12.891 3.246 12.093 4.782 12.093 6.339C12.093 6.573 12.132 6.807 12.15 6.882C12.246 6.9 12.402 6.921 12.558 6.921C13.92 6.921 15.633 6.009 16.623 4.782Z\" fill=\"white\"\/>\n        <\/svg>\n        <div>\n            <span>Disponible en<\/span>\n            Apple Store\n        <\/div>\n    <\/a>\n\n                                                                        <\/div>\n        <\/div>\n    <\/div>\n<\/section>\n","protected":false},"excerpt":{"rendered":"","protected":false},"author":3,"featured_media":0,"parent":0,"menu_order":0,"comment_status":"closed","ping_status":"closed","template":"","meta":[],"yoast_head":"<!-- This site is optimized with the Yoast SEO plugin v20.12 - https:\/\/yoast.com\/wordpress\/plugins\/seo\/ -->\n<title>Schedules and rates - ORA Pe\u00f1iscola<\/title>\n<meta name=\"robots\" content=\"index, follow, max-snippet:-1, max-image-preview:large, max-video-preview:-1\" \/>\n<link rel=\"canonical\" href=\"https:\/\/orapeniscola.com\/en\/schedules-and-rates\/\" \/>\n<meta property=\"og:locale\" content=\"en_US\" \/>\n<meta property=\"og:type\" content=\"article\" \/>\n<meta property=\"og:title\" content=\"Schedules and rates - ORA Pe\u00f1iscola\" \/>\n<meta property=\"og:url\" content=\"https:\/\/orapeniscola.com\/en\/schedules-and-rates\/\" \/>\n<meta property=\"og:site_name\" content=\"ORA Pe\u00f1iscola\" \/>\n<meta property=\"article:modified_time\" content=\"2026-04-15T11:24:45+00:00\" \/>\n<meta name=\"twitter:card\" content=\"summary_large_image\" \/>\n<script type=\"application\/ld+json\" class=\"yoast-schema-graph\">{\"@context\":\"https:\/\/schema.org\",\"@graph\":[{\"@type\":\"WebPage\",\"@id\":\"https:\/\/orapeniscola.com\/en\/schedules-and-rates\/\",\"url\":\"https:\/\/orapeniscola.com\/en\/schedules-and-rates\/\",\"name\":\"Schedules and rates - ORA Pe\u00f1iscola\",\"isPartOf\":{\"@id\":\"https:\/\/orapeniscola.com\/en\/#website\"},\"datePublished\":\"2024-06-20T06:37:45+00:00\",\"dateModified\":\"2026-04-15T11:24:45+00:00\",\"breadcrumb\":{\"@id\":\"https:\/\/orapeniscola.com\/en\/schedules-and-rates\/#breadcrumb\"},\"inLanguage\":\"en-US\",\"potentialAction\":[{\"@type\":\"ReadAction\",\"target\":[\"https:\/\/orapeniscola.com\/en\/schedules-and-rates\/\"]}]},{\"@type\":\"BreadcrumbList\",\"@id\":\"https:\/\/orapeniscola.com\/en\/schedules-and-rates\/#breadcrumb\",\"itemListElement\":[{\"@type\":\"ListItem\",\"position\":1,\"name\":\"Home\",\"item\":\"https:\/\/orapeniscola.com\/en\/\"},{\"@type\":\"ListItem\",\"position\":2,\"name\":\"Schedules and rates\"}]},{\"@type\":\"WebSite\",\"@id\":\"https:\/\/orapeniscola.com\/en\/#website\",\"url\":\"https:\/\/orapeniscola.com\/en\/\",\"name\":\"ORA Pe\u00f1iscola\",\"description\":\"\",\"publisher\":{\"@id\":\"https:\/\/orapeniscola.com\/en\/#organization\"},\"potentialAction\":[{\"@type\":\"SearchAction\",\"target\":{\"@type\":\"EntryPoint\",\"urlTemplate\":\"https:\/\/orapeniscola.com\/en\/?s={search_term_string}\"},\"query-input\":\"required name=search_term_string\"}],\"inLanguage\":\"en-US\"},{\"@type\":\"Organization\",\"@id\":\"https:\/\/orapeniscola.com\/en\/#organization\",\"name\":\"ORA Pe\u00f1iscola\",\"url\":\"https:\/\/orapeniscola.com\/en\/\",\"logo\":{\"@type\":\"ImageObject\",\"inLanguage\":\"en-US\",\"@id\":\"https:\/\/orapeniscola.com\/en\/#\/schema\/logo\/image\/\",\"url\":\"https:\/\/orapeniscola.com\/wp-content\/uploads\/sites\/34\/2024\/06\/cropped-pen\u0303iscola-1-1.png\",\"contentUrl\":\"https:\/\/orapeniscola.com\/wp-content\/uploads\/sites\/34\/2024\/06\/cropped-pen\u0303iscola-1-1.png\",\"width\":110,\"height\":60,\"caption\":\"ORA Pe\u00f1iscola\"},\"image\":{\"@id\":\"https:\/\/orapeniscola.com\/en\/#\/schema\/logo\/image\/\"}}]}<\/script>\n<!-- \/ Yoast SEO plugin. -->","yoast_head_json":{"title":"Schedules and rates - ORA Pe\u00f1iscola","robots":{"index":"index","follow":"follow","max-snippet":"max-snippet:-1","max-image-preview":"max-image-preview:large","max-video-preview":"max-video-preview:-1"},"canonical":"https:\/\/orapeniscola.com\/en\/schedules-and-rates\/","og_locale":"en_US","og_type":"article","og_title":"Schedules and rates - ORA Pe\u00f1iscola","og_url":"https:\/\/orapeniscola.com\/en\/schedules-and-rates\/","og_site_name":"ORA Pe\u00f1iscola","article_modified_time":"2026-04-15T11:24:45+00:00","twitter_card":"summary_large_image","schema":{"@context":"https:\/\/schema.org","@graph":[{"@type":"WebPage","@id":"https:\/\/orapeniscola.com\/en\/schedules-and-rates\/","url":"https:\/\/orapeniscola.com\/en\/schedules-and-rates\/","name":"Schedules and rates - ORA Pe\u00f1iscola","isPartOf":{"@id":"https:\/\/orapeniscola.com\/en\/#website"},"datePublished":"2024-06-20T06:37:45+00:00","dateModified":"2026-04-15T11:24:45+00:00","breadcrumb":{"@id":"https:\/\/orapeniscola.com\/en\/schedules-and-rates\/#breadcrumb"},"inLanguage":"en-US","potentialAction":[{"@type":"ReadAction","target":["https:\/\/orapeniscola.com\/en\/schedules-and-rates\/"]}]},{"@type":"BreadcrumbList","@id":"https:\/\/orapeniscola.com\/en\/schedules-and-rates\/#breadcrumb","itemListElement":[{"@type":"ListItem","position":1,"name":"Home","item":"https:\/\/orapeniscola.com\/en\/"},{"@type":"ListItem","position":2,"name":"Schedules and rates"}]},{"@type":"WebSite","@id":"https:\/\/orapeniscola.com\/en\/#website","url":"https:\/\/orapeniscola.com\/en\/","name":"ORA Pe\u00f1iscola","description":"","publisher":{"@id":"https:\/\/orapeniscola.com\/en\/#organization"},"potentialAction":[{"@type":"SearchAction","target":{"@type":"EntryPoint","urlTemplate":"https:\/\/orapeniscola.com\/en\/?s={search_term_string}"},"query-input":"required name=search_term_string"}],"inLanguage":"en-US"},{"@type":"Organization","@id":"https:\/\/orapeniscola.com\/en\/#organization","name":"ORA Pe\u00f1iscola","url":"https:\/\/orapeniscola.com\/en\/","logo":{"@type":"ImageObject","inLanguage":"en-US","@id":"https:\/\/orapeniscola.com\/en\/#\/schema\/logo\/image\/","url":"https:\/\/orapeniscola.com\/wp-content\/uploads\/sites\/34\/2024\/06\/cropped-pen\u0303iscola-1-1.png","contentUrl":"https:\/\/orapeniscola.com\/wp-content\/uploads\/sites\/34\/2024\/06\/cropped-pen\u0303iscola-1-1.png","width":110,"height":60,"caption":"ORA Pe\u00f1iscola"},"image":{"@id":"https:\/\/orapeniscola.com\/en\/#\/schema\/logo\/image\/"}}]}},"meta_box":[],"_links":{"self":[{"href":"https:\/\/orapeniscola.com\/en\/wp-json\/wp\/v2\/pages\/437"}],"collection":[{"href":"https:\/\/orapeniscola.com\/en\/wp-json\/wp\/v2\/pages"}],"about":[{"href":"https:\/\/orapeniscola.com\/en\/wp-json\/wp\/v2\/types\/page"}],"author":[{"embeddable":true,"href":"https:\/\/orapeniscola.com\/en\/wp-json\/wp\/v2\/users\/3"}],"replies":[{"embeddable":true,"href":"https:\/\/orapeniscola.com\/en\/wp-json\/wp\/v2\/comments?post=437"}],"version-history":[{"count":3,"href":"https:\/\/orapeniscola.com\/en\/wp-json\/wp\/v2\/pages\/437\/revisions"}],"predecessor-version":[{"id":983,"href":"https:\/\/orapeniscola.com\/en\/wp-json\/wp\/v2\/pages\/437\/revisions\/983"}],"wp:attachment":[{"href":"https:\/\/orapeniscola.com\/en\/wp-json\/wp\/v2\/media?parent=437"}],"curies":[{"name":"wp","href":"https:\/\/api.w.org\/{rel}","templated":true}]}}